{"id":14199,"date":"2022-07-20T16:45:39","date_gmt":"2022-07-20T14:45:39","guid":{"rendered":"https:\/\/paulmmueller.fantomas-staging.de\/?page_id=14199"},"modified":"2022-07-20T16:47:59","modified_gmt":"2022-07-20T14:47:59","slug":"zorunlu-bi%cc%87lgi%cc%87ler","status":"publish","type":"page","link":"https:\/\/paulmmueller.com\/tr\/pflichtangaben\/","title":{"rendered":"Zorunlu bilgiler"},"content":{"rendered":"<div data-elementor-type=\"wp-page\" data-elementor-id=\"14199\" class=\"elementor elementor-14199\" data-elementor-post-type=\"page\">\n\t\t\t\t\t\t<section class=\"elementor-section elementor-top-section elementor-element elementor-element-66f4d09 elementor-section-boxed elementor-section-height-default elementor-section-height-default\" data-id=\"66f4d09\" data-element_type=\"section\" data-e-type=\"section\">\n\t\t\t\t\t\t<div class=\"elementor-container elementor-column-gap-default\">\n\t\t\t\t\t<div class=\"elementor-column elementor-col-100 elementor-top-column elementor-element elementor-element-c0af0d3\" data-id=\"c0af0d3\" data-element_type=\"column\" data-e-type=\"column\">\n\t\t\t<div class=\"elementor-widget-wrap elementor-element-populated\">\n\t\t\t\t\t\t<div class=\"elementor-element elementor-element-27a2121 elementor-widget elementor-widget-heading\" data-id=\"27a2121\" data-element_type=\"widget\" data-e-type=\"widget\" data-widget_type=\"heading.default\">\n\t\t\t\t<div class=\"elementor-widget-container\">\n\t\t\t\t\t<h1 class=\"elementor-heading-title elementor-size-default\">Zorunlu bilgiler<\/h1>\t\t\t\t<\/div>\n\t\t\t\t<\/div>\n\t\t\t\t<div class=\"elementor-element elementor-element-5d4f4e5 elementor-widget elementor-widget-spacer\" data-id=\"5d4f4e5\" data-element_type=\"widget\" data-e-type=\"widget\" data-widget_type=\"spacer.default\">\n\t\t\t\t<div class=\"elementor-widget-container\">\n\t\t\t\t\t\t\t<div class=\"elementor-spacer\">\n\t\t\t<div class=\"elementor-spacer-inner\"><\/div>\n\t\t<\/div>\n\t\t\t\t\t\t<\/div>\n\t\t\t\t<\/div>\n\t\t\t\t<div class=\"elementor-element elementor-element-cab65f4 elementor-widget elementor-widget-text-editor\" data-id=\"cab65f4\" data-element_type=\"widget\" data-e-type=\"widget\" data-widget_type=\"text-editor.default\">\n\t\t\t\t<div class=\"elementor-widget-container\">\n\t\t\t\t\t\t\t\t\t<div class=\"vc_row wpb_row vc_row-fluid vc_custom_1527068821287 vc_row-has-fill\"><div class=\"container\"><div class=\"row\"><div class=\"wpb_column vc_column_container vc_col-sm-12 vc_custom_1527147707520\"><div class=\"vc_custom_column-inner\"><div class=\"wpb_wrapper\"><div class=\"wpb_text_column wpb_content_element  form-imprint\"><div class=\"wpb_wrapper\"><p>Paul M. M\u00fcller GmbH<br \/>Raiffeisenallee 5<br \/>82041 Oberhaching<\/p><h3>Temsilci:<\/h3><p>Genel M\u00fcd\u00fcrler: Thomas Schneidawind, Helmut Fabian Kretschmer<\/p><h3>Giri\u015fi kaydet:<\/h3><p>Ticaret siciline kay\u0131t.<br \/>Kay\u0131t mahkemesi: Kay\u0131t mahkemesi M\u00fcnih<br \/>Kay\u0131t numaras\u0131: HRB 54774<\/p><h3>Katma de\u011fer vergisi:<\/h3><p>Katma De\u011fer Vergisi Kanunu \u00a727 a uyar\u0131nca katma de\u011fer vergisi kimlik numaras\u0131:<br \/>DE129433719<\/p><h3>GLN (K\u00fcresel Konum Numaras\u0131):<\/h3><p>4003735000006<\/p><h3>Organik kontrol merkezi:<\/h3><p>DE-\u00d6KO-037<\/p><p>Bu e-posta ve g\u00f6nderilen t\u00fcm ekler gizli ve\/veya yasal olarak korunan bilgiler i\u00e7ermektedir. Do\u011fru muhatap de\u011filseniz veya bu e-postay\u0131 yanl\u0131\u015fl\u0131kla ald\u0131ysan\u0131z, l\u00fctfen g\u00f6ndereni derhal bilgilendirin ve bu e-postay\u0131 imha edin. Bu e-postan\u0131n izinsiz (k\u0131smi dahi olsa) kopyalanmas\u0131na ve izinsiz olarak iletilmesine izin verilmez ve zararlardan sorumlu tutulman\u0131za neden olabilir. Yasal ve g\u00fcvenlik nedenleriyle, bu e-postada verilen bilgiler yasal olarak ba\u011flay\u0131c\u0131 de\u011fildir. Talep etmeniz halinde size yaz\u0131l\u0131 olarak yasal ba\u011flay\u0131c\u0131l\u0131\u011f\u0131 olan bir teyit vermekten memnuniyet duyar\u0131z.<\/p><p><strong>G\u00fcvenlik uyar\u0131s\u0131<\/strong>\u0130nternetin g\u00fcvenli bir ileti\u015fim ortam\u0131 olmad\u0131\u011f\u0131n\u0131 l\u00fctfen unutmay\u0131n. Kalite y\u00f6netimimiz ve durum tespiti kapsam\u0131nda bilgisayar vir\u00fcs\u00fc sald\u0131r\u0131s\u0131n\u0131 m\u00fcmk\u00fcn oldu\u011funca \u00f6nlemek i\u00e7in gerekli ad\u0131mlar\u0131 atm\u0131\u015f olsak da, internetin do\u011fas\u0131 gere\u011fi bu e-postaya bilgisayar vir\u00fcs\u00fc sald\u0131r\u0131s\u0131 riskini g\u00f6z ard\u0131 edemeyiz.<\/p><\/div><\/div><\/div><\/div><\/div><\/div><\/div><\/div>\t\t\t\t\t\t\t\t<\/div>\n\t\t\t\t<\/div>\n\t\t\t\t<div class=\"elementor-element elementor-element-6a0ddf4 elementor-widget elementor-widget-spacer\" data-id=\"6a0ddf4\" data-element_type=\"widget\" data-e-type=\"widget\" data-widget_type=\"spacer.default\">\n\t\t\t\t<div class=\"elementor-widget-container\">\n\t\t\t\t\t\t\t<div class=\"elementor-spacer\">\n\t\t\t<div class=\"elementor-spacer-inner\"><\/div>\n\t\t<\/div>\n\t\t\t\t\t\t<\/div>\n\t\t\t\t<\/div>\n\t\t\t\t\t<\/div>\n\t\t<\/div>\n\t\t\t\t\t<\/div>\n\t\t<\/section>\n\t\t\t\t<\/div>","protected":false},"excerpt":{"rendered":"<p>Pflichtangaben Paul M. M\u00fcller GmbHRaiffeisenallee 582041 Oberhaching Vertreten durch: Gesch\u00e4ftsf\u00fchrer: Thomas Schneidawind, Helmut Fabian Kretschmer Registereintrag: Eintragung im Handelsregister.Registergericht: Registergericht M\u00fcnchenRegisternummer: HRB 54774 Umsatzsteuer: Umsatzsteuer-Identifikationsnummer gem\u00e4\u00df \u00a727 a Umsatzsteuergesetz:DE129433719 GLN (Global Location Number): 4003735000006 \u00d6ko-Kontrollstelle: DE-\u00d6KO-037 Diese E-Mail und jeder \u00fcbermittelte Anhang enth\u00e4lt vertrauliche und\/oder rechtlich gesch\u00fctzte Informationen. Wenn Sie nicht der richtige Adressat sind [&hellip;]<\/p>\n","protected":false},"author":1,"featured_media":0,"parent":0,"menu_order":51,"comment_status":"closed","ping_status":"closed","template":"","meta":{"_acf_changed":false,"footnotes":""},"class_list":["post-14199","page","type-page","status-publish","hentry"],"acf":false,"yoast_head":"<!-- This site is optimized with the Yoast SEO plugin v27.0 - https:\/\/yoast.com\/product\/yoast-seo-wordpress\/ -->\n<title>Pflichtangaben - Paul M. M\u00fcller<\/title>\n<meta name=\"robots\" content=\"index, follow, max-snippet:-1, max-image-preview:large, max-video-preview:-1\" \/>\n<link rel=\"canonical\" href=\"https:\/\/paulmmueller.com\/tr\/zorunlu-bi\u0307lgi\u0307ler\/\" \/>\n<meta property=\"og:locale\" content=\"tr_TR\" \/>\n<meta property=\"og:type\" content=\"article\" \/>\n<meta property=\"og:title\" content=\"Pflichtangaben - Paul M. M\u00fcller\" \/>\n<meta property=\"og:description\" content=\"Pflichtangaben Paul M. M\u00fcller GmbHRaiffeisenallee 582041 Oberhaching Vertreten durch: Gesch\u00e4ftsf\u00fchrer: Thomas Schneidawind, Helmut Fabian Kretschmer Registereintrag: Eintragung im Handelsregister.Registergericht: Registergericht M\u00fcnchenRegisternummer: HRB 54774 Umsatzsteuer: Umsatzsteuer-Identifikationsnummer gem\u00e4\u00df \u00a727 a Umsatzsteuergesetz:DE129433719 GLN (Global Location Number): 4003735000006 \u00d6ko-Kontrollstelle: DE-\u00d6KO-037 Diese E-Mail und jeder \u00fcbermittelte Anhang enth\u00e4lt vertrauliche und\/oder rechtlich gesch\u00fctzte Informationen. Wenn Sie nicht der richtige Adressat sind [&hellip;]\" \/>\n<meta property=\"og:url\" content=\"https:\/\/paulmmueller.com\/tr\/zorunlu-bi\u0307lgi\u0307ler\/\" \/>\n<meta property=\"og:site_name\" content=\"Paul M. M\u00fcller\" \/>\n<meta property=\"article:publisher\" content=\"https:\/\/www.facebook.com\/paulmmuellergmbh\/\" \/>\n<meta property=\"article:modified_time\" content=\"2022-07-20T14:47:59+00:00\" \/>\n<meta name=\"twitter:card\" content=\"summary_large_image\" \/>\n<meta name=\"twitter:site\" content=\"@PaulMMller1\" \/>\n<script type=\"application\/ld+json\" class=\"yoast-schema-graph\">{\"@context\":\"https:\/\/schema.org\",\"@graph\":[{\"@type\":\"WebPage\",\"@id\":\"https:\/\/paulmmueller.com\/pflichtangaben\/\",\"url\":\"https:\/\/paulmmueller.com\/pflichtangaben\/\",\"name\":\"Pflichtangaben - Paul M. M\u00fcller\",\"isPartOf\":{\"@id\":\"https:\/\/paulmmueller.com\/en\/#website\"},\"datePublished\":\"2022-07-20T14:45:39+00:00\",\"dateModified\":\"2022-07-20T14:47:59+00:00\",\"breadcrumb\":{\"@id\":\"https:\/\/paulmmueller.com\/pflichtangaben\/#breadcrumb\"},\"inLanguage\":\"tr\",\"potentialAction\":[{\"@type\":\"ReadAction\",\"target\":[\"https:\/\/paulmmueller.com\/pflichtangaben\/\"]}]},{\"@type\":\"BreadcrumbList\",\"@id\":\"https:\/\/paulmmueller.com\/pflichtangaben\/#breadcrumb\",\"itemListElement\":[{\"@type\":\"ListItem\",\"position\":1,\"name\":\"Home\",\"item\":\"https:\/\/paulmmueller.com\/\"},{\"@type\":\"ListItem\",\"position\":2,\"name\":\"Pflichtangaben\"}]},{\"@type\":\"WebSite\",\"@id\":\"https:\/\/paulmmueller.com\/en\/#website\",\"url\":\"https:\/\/paulmmueller.com\/en\/\",\"name\":\"Paul M. M\u00fcller\",\"description\":\"Die Food Marken Macher\",\"publisher\":{\"@id\":\"https:\/\/paulmmueller.com\/en\/#organization\"},\"potentialAction\":[{\"@type\":\"SearchAction\",\"target\":{\"@type\":\"EntryPoint\",\"urlTemplate\":\"https:\/\/paulmmueller.com\/en\/?s={search_term_string}\"},\"query-input\":{\"@type\":\"PropertyValueSpecification\",\"valueRequired\":true,\"valueName\":\"search_term_string\"}}],\"inLanguage\":\"tr\"},{\"@type\":\"Organization\",\"@id\":\"https:\/\/paulmmueller.com\/en\/#organization\",\"name\":\"Paul M. M\u00fcller GmbH\",\"url\":\"https:\/\/paulmmueller.com\/en\/\",\"logo\":{\"@type\":\"ImageObject\",\"inLanguage\":\"tr\",\"@id\":\"https:\/\/paulmmueller.com\/en\/#\/schema\/logo\/image\/\",\"url\":\"https:\/\/paulmmueller.com\/wp-content\/uploads\/2022\/08\/PaulMMueller_2021_EN.svg\",\"contentUrl\":\"https:\/\/paulmmueller.com\/wp-content\/uploads\/2022\/08\/PaulMMueller_2021_EN.svg\",\"width\":730,\"height\":137,\"caption\":\"Paul M. M\u00fcller GmbH\"},\"image\":{\"@id\":\"https:\/\/paulmmueller.com\/en\/#\/schema\/logo\/image\/\"},\"sameAs\":[\"https:\/\/www.facebook.com\/paulmmuellergmbh\/\",\"https:\/\/x.com\/PaulMMller1\",\"https:\/\/www.instagram.com\/paul_m._mueller_gmbh\/\",\"https:\/\/www.linkedin.com\/company\/17897510\/\",\"https:\/\/www.xing.com\/companies\/paulm.mllergmbh\"]}]}<\/script>\n<!-- \/ Yoast SEO plugin. -->","yoast_head_json":{"title":"Zorunlu bilgiler - Paul M. M\u00fcller","robots":{"index":"index","follow":"follow","max-snippet":"max-snippet:-1","max-image-preview":"max-image-preview:large","max-video-preview":"max-video-preview:-1"},"canonical":"https:\/\/paulmmueller.com\/tr\/zorunlu-bi\u0307lgi\u0307ler\/","og_locale":"tr_TR","og_type":"article","og_title":"Pflichtangaben - Paul M. M\u00fcller","og_description":"Pflichtangaben Paul M. M\u00fcller GmbHRaiffeisenallee 582041 Oberhaching Vertreten durch: Gesch\u00e4ftsf\u00fchrer: Thomas Schneidawind, Helmut Fabian Kretschmer Registereintrag: Eintragung im Handelsregister.Registergericht: Registergericht M\u00fcnchenRegisternummer: HRB 54774 Umsatzsteuer: Umsatzsteuer-Identifikationsnummer gem\u00e4\u00df \u00a727 a Umsatzsteuergesetz:DE129433719 GLN (Global Location Number): 4003735000006 \u00d6ko-Kontrollstelle: DE-\u00d6KO-037 Diese E-Mail und jeder \u00fcbermittelte Anhang enth\u00e4lt vertrauliche und\/oder rechtlich gesch\u00fctzte Informationen. Wenn Sie nicht der richtige Adressat sind [&hellip;]","og_url":"https:\/\/paulmmueller.com\/tr\/zorunlu-bi\u0307lgi\u0307ler\/","og_site_name":"Paul M. M\u00fcller","article_publisher":"https:\/\/www.facebook.com\/paulmmuellergmbh\/","article_modified_time":"2022-07-20T14:47:59+00:00","twitter_card":"summary_large_image","twitter_site":"@PaulMMller1","schema":{"@context":"https:\/\/schema.org","@graph":[{"@type":"WebPage","@id":"https:\/\/paulmmueller.com\/pflichtangaben\/","url":"https:\/\/paulmmueller.com\/pflichtangaben\/","name":"Zorunlu bilgiler - Paul M. M\u00fcller","isPartOf":{"@id":"https:\/\/paulmmueller.com\/en\/#website"},"datePublished":"2022-07-20T14:45:39+00:00","dateModified":"2022-07-20T14:47:59+00:00","breadcrumb":{"@id":"https:\/\/paulmmueller.com\/pflichtangaben\/#breadcrumb"},"inLanguage":"tr","potentialAction":[{"@type":"ReadAction","target":["https:\/\/paulmmueller.com\/pflichtangaben\/"]}]},{"@type":"BreadcrumbList","@id":"https:\/\/paulmmueller.com\/pflichtangaben\/#breadcrumb","itemListElement":[{"@type":"ListItem","position":1,"name":"Home","item":"https:\/\/paulmmueller.com\/"},{"@type":"ListItem","position":2,"name":"Pflichtangaben"}]},{"@type":"WebSite","@id":"https:\/\/paulmmueller.com\/en\/#website","url":"https:\/\/paulmmueller.com\/en\/","name":"Paul M. M\u00fcller","description":"G\u0131da markas\u0131 \u00fcreticileri","publisher":{"@id":"https:\/\/paulmmueller.com\/en\/#organization"},"potentialAction":[{"@type":"SearchAction","target":{"@type":"EntryPoint","urlTemplate":"https:\/\/paulmmueller.com\/en\/?s={search_term_string}"},"query-input":{"@type":"PropertyValueSpecification","valueRequired":true,"valueName":"search_term_string"}}],"inLanguage":"tr"},{"@type":"Organization","@id":"https:\/\/paulmmueller.com\/en\/#organization","name":"Paul M. M\u00fcller GmbH","url":"https:\/\/paulmmueller.com\/en\/","logo":{"@type":"ImageObject","inLanguage":"tr","@id":"https:\/\/paulmmueller.com\/en\/#\/schema\/logo\/image\/","url":"https:\/\/paulmmueller.com\/wp-content\/uploads\/2022\/08\/PaulMMueller_2021_EN.svg","contentUrl":"https:\/\/paulmmueller.com\/wp-content\/uploads\/2022\/08\/PaulMMueller_2021_EN.svg","width":730,"height":137,"caption":"Paul M. M\u00fcller GmbH"},"image":{"@id":"https:\/\/paulmmueller.com\/en\/#\/schema\/logo\/image\/"},"sameAs":["https:\/\/www.facebook.com\/paulmmuellergmbh\/","https:\/\/x.com\/PaulMMller1","https:\/\/www.instagram.com\/paul_m._mueller_gmbh\/","https:\/\/www.linkedin.com\/company\/17897510\/","https:\/\/www.xing.com\/companies\/paulm.mllergmbh"]}]}},"_links":{"self":[{"href":"https:\/\/paulmmueller.com\/tr\/wp-json\/wp\/v2\/pages\/14199","targetHints":{"allow":["GET"]}}],"collection":[{"href":"https:\/\/paulmmueller.com\/tr\/wp-json\/wp\/v2\/pages"}],"about":[{"href":"https:\/\/paulmmueller.com\/tr\/wp-json\/wp\/v2\/types\/page"}],"author":[{"embeddable":true,"href":"https:\/\/paulmmueller.com\/tr\/wp-json\/wp\/v2\/users\/1"}],"replies":[{"embeddable":true,"href":"https:\/\/paulmmueller.com\/tr\/wp-json\/wp\/v2\/comments?post=14199"}],"version-history":[{"count":10,"href":"https:\/\/paulmmueller.com\/tr\/wp-json\/wp\/v2\/pages\/14199\/revisions"}],"predecessor-version":[{"id":14209,"href":"https:\/\/paulmmueller.com\/tr\/wp-json\/wp\/v2\/pages\/14199\/revisions\/14209"}],"wp:attachment":[{"href":"https:\/\/paulmmueller.com\/tr\/wp-json\/wp\/v2\/media?parent=14199"}],"curies":[{"name":"wp","href":"https:\/\/api.w.org\/{rel}","templated":true}]}}