{"id":14199,"date":"2022-07-20T16:45:39","date_gmt":"2022-07-20T14:45:39","guid":{"rendered":"https:\/\/paulmmueller.fantomas-staging.de\/?page_id=14199"},"modified":"2022-07-20T16:47:59","modified_gmt":"2022-07-20T14:47:59","slug":"verplichte-informatie","status":"publish","type":"page","link":"https:\/\/paulmmueller.com\/nl\/pflichtangaben\/","title":{"rendered":"Verplichte informatie"},"content":{"rendered":"<div data-elementor-type=\"wp-page\" data-elementor-id=\"14199\" class=\"elementor elementor-14199\" data-elementor-post-type=\"page\">\n\t\t\t\t\t\t<section class=\"elementor-section elementor-top-section elementor-element elementor-element-66f4d09 elementor-section-boxed elementor-section-height-default elementor-section-height-default\" data-id=\"66f4d09\" data-element_type=\"section\" data-e-type=\"section\">\n\t\t\t\t\t\t<div class=\"elementor-container elementor-column-gap-default\">\n\t\t\t\t\t<div class=\"elementor-column elementor-col-100 elementor-top-column elementor-element elementor-element-c0af0d3\" data-id=\"c0af0d3\" data-element_type=\"column\" data-e-type=\"column\">\n\t\t\t<div class=\"elementor-widget-wrap elementor-element-populated\">\n\t\t\t\t\t\t<div class=\"elementor-element elementor-element-27a2121 elementor-widget elementor-widget-heading\" data-id=\"27a2121\" data-element_type=\"widget\" data-e-type=\"widget\" data-widget_type=\"heading.default\">\n\t\t\t\t<div class=\"elementor-widget-container\">\n\t\t\t\t\t<h1 class=\"elementor-heading-title elementor-size-default\">Verplichte informatie<\/h1>\t\t\t\t<\/div>\n\t\t\t\t<\/div>\n\t\t\t\t<div class=\"elementor-element elementor-element-5d4f4e5 elementor-widget elementor-widget-spacer\" data-id=\"5d4f4e5\" data-element_type=\"widget\" data-e-type=\"widget\" data-widget_type=\"spacer.default\">\n\t\t\t\t<div class=\"elementor-widget-container\">\n\t\t\t\t\t\t\t<div class=\"elementor-spacer\">\n\t\t\t<div class=\"elementor-spacer-inner\"><\/div>\n\t\t<\/div>\n\t\t\t\t\t\t<\/div>\n\t\t\t\t<\/div>\n\t\t\t\t<div class=\"elementor-element elementor-element-cab65f4 elementor-widget elementor-widget-text-editor\" data-id=\"cab65f4\" data-element_type=\"widget\" data-e-type=\"widget\" data-widget_type=\"text-editor.default\">\n\t\t\t\t<div class=\"elementor-widget-container\">\n\t\t\t\t\t\t\t\t\t<div class=\"vc_row wpb_row vc_row-fluid vc_custom_1527068821287 vc_row-has-fill\"><div class=\"container\"><div class=\"row\"><div class=\"wpb_column vc_column_container vc_col-sm-12 vc_custom_1527147707520\"><div class=\"vc_custom_column-inner\"><div class=\"wpb_wrapper\"><div class=\"wpb_text_column wpb_content_element  form-imprint\"><div class=\"wpb_wrapper\"><p>Paul M. M\u00fcller GmbH<br \/>Raiffeisenallee 5<br \/>82041 Oberhaching<\/p><h3>Vertegenwoordigd door:<\/h3><p>Managing Directors: Thomas Schneidawind, Helmut Fabian Kretschmer<\/p><h3>Registreren:<\/h3><p>Inschrijving in het handelsregister.<br \/>Register rechtbank: Register rechtbank M\u00fcnchen<br \/>Registratienummer: HRB 54774<\/p><h3>Belasting toegevoegde waarde:<\/h3><p>Omzetbelastingidentificatienummer volgens \u00a727 a Wet op de omzetbelasting:<br \/>DE129433719<\/p><h3>GLN (Global Location Number):<\/h3><p>4003735000006<\/p><h3>Organisch controlecentrum:<\/h3><p>DE-\u00d6KO-037<\/p><p>Deze e-mail en alle verzonden bijlagen bevatten vertrouwelijke en\/of wettelijk beschermde informatie. Als u niet de juiste geadresseerde bent of deze e-mail per vergissing hebt ontvangen, breng de afzender dan onmiddellijk op de hoogte en vernietig deze e-mail. Ongeoorloofd (zelfs gedeeltelijk) kopi\u00ebren en ongeoorloofd doorsturen van deze e-mail is niet toegestaan en kan leiden tot aansprakelijkheid voor schade. Om juridische en veiligheidsredenen is de informatie in deze e-mail niet wettelijk bindend. Op verzoek sturen wij u graag een juridisch bindende schriftelijke bevestiging.<\/p><p><strong>Veiligheidswaarschuwing<\/strong>Houd er rekening mee dat het internet geen veilig communicatiemedium is. Hoewel we als onderdeel van ons kwaliteitsbeheer en onze zorgvuldigheid stappen hebben ondernomen om een computervirusaanval zoveel mogelijk te voorkomen, kunnen we het risico van een computervirusaanval op deze e-mail niet uitsluiten vanwege de aard van het internet.<\/p><\/div><\/div><\/div><\/div><\/div><\/div><\/div><\/div>\t\t\t\t\t\t\t\t<\/div>\n\t\t\t\t<\/div>\n\t\t\t\t<div class=\"elementor-element elementor-element-6a0ddf4 elementor-widget elementor-widget-spacer\" data-id=\"6a0ddf4\" data-element_type=\"widget\" data-e-type=\"widget\" data-widget_type=\"spacer.default\">\n\t\t\t\t<div class=\"elementor-widget-container\">\n\t\t\t\t\t\t\t<div class=\"elementor-spacer\">\n\t\t\t<div class=\"elementor-spacer-inner\"><\/div>\n\t\t<\/div>\n\t\t\t\t\t\t<\/div>\n\t\t\t\t<\/div>\n\t\t\t\t\t<\/div>\n\t\t<\/div>\n\t\t\t\t\t<\/div>\n\t\t<\/section>\n\t\t\t\t<\/div>","protected":false},"excerpt":{"rendered":"<p>Pflichtangaben Paul M. M\u00fcller GmbHRaiffeisenallee 582041 Oberhaching Vertreten durch: Gesch\u00e4ftsf\u00fchrer: Thomas Schneidawind, Helmut Fabian Kretschmer Registereintrag: Eintragung im Handelsregister.Registergericht: Registergericht M\u00fcnchenRegisternummer: HRB 54774 Umsatzsteuer: Umsatzsteuer-Identifikationsnummer gem\u00e4\u00df \u00a727 a Umsatzsteuergesetz:DE129433719 GLN (Global Location Number): 4003735000006 \u00d6ko-Kontrollstelle: DE-\u00d6KO-037 Diese E-Mail und jeder \u00fcbermittelte Anhang enth\u00e4lt vertrauliche und\/oder rechtlich gesch\u00fctzte Informationen. Wenn Sie nicht der richtige Adressat sind [&hellip;]<\/p>\n","protected":false},"author":1,"featured_media":0,"parent":0,"menu_order":51,"comment_status":"closed","ping_status":"closed","template":"","meta":{"_acf_changed":false,"footnotes":""},"class_list":["post-14199","page","type-page","status-publish","hentry"],"acf":false,"yoast_head":"<!-- This site is optimized with the Yoast SEO plugin v27.0 - https:\/\/yoast.com\/product\/yoast-seo-wordpress\/ -->\n<title>Pflichtangaben - Paul M. M\u00fcller<\/title>\n<meta name=\"robots\" content=\"index, follow, max-snippet:-1, max-image-preview:large, max-video-preview:-1\" \/>\n<link rel=\"canonical\" href=\"https:\/\/paulmmueller.com\/nl\/verplichte-informatie\/\" \/>\n<meta property=\"og:locale\" content=\"nl_NL\" \/>\n<meta property=\"og:type\" content=\"article\" \/>\n<meta property=\"og:title\" content=\"Pflichtangaben - Paul M. M\u00fcller\" \/>\n<meta property=\"og:description\" content=\"Pflichtangaben Paul M. M\u00fcller GmbHRaiffeisenallee 582041 Oberhaching Vertreten durch: Gesch\u00e4ftsf\u00fchrer: Thomas Schneidawind, Helmut Fabian Kretschmer Registereintrag: Eintragung im Handelsregister.Registergericht: Registergericht M\u00fcnchenRegisternummer: HRB 54774 Umsatzsteuer: Umsatzsteuer-Identifikationsnummer gem\u00e4\u00df \u00a727 a Umsatzsteuergesetz:DE129433719 GLN (Global Location Number): 4003735000006 \u00d6ko-Kontrollstelle: DE-\u00d6KO-037 Diese E-Mail und jeder \u00fcbermittelte Anhang enth\u00e4lt vertrauliche und\/oder rechtlich gesch\u00fctzte Informationen. Wenn Sie nicht der richtige Adressat sind [&hellip;]\" \/>\n<meta property=\"og:url\" content=\"https:\/\/paulmmueller.com\/nl\/verplichte-informatie\/\" \/>\n<meta property=\"og:site_name\" content=\"Paul M. M\u00fcller\" \/>\n<meta property=\"article:publisher\" content=\"https:\/\/www.facebook.com\/paulmmuellergmbh\/\" \/>\n<meta property=\"article:modified_time\" content=\"2022-07-20T14:47:59+00:00\" \/>\n<meta name=\"twitter:card\" content=\"summary_large_image\" \/>\n<meta name=\"twitter:site\" content=\"@PaulMMller1\" \/>\n<script type=\"application\/ld+json\" class=\"yoast-schema-graph\">{\"@context\":\"https:\/\/schema.org\",\"@graph\":[{\"@type\":\"WebPage\",\"@id\":\"https:\/\/paulmmueller.com\/pflichtangaben\/\",\"url\":\"https:\/\/paulmmueller.com\/pflichtangaben\/\",\"name\":\"Pflichtangaben - Paul M. M\u00fcller\",\"isPartOf\":{\"@id\":\"https:\/\/paulmmueller.com\/en\/#website\"},\"datePublished\":\"2022-07-20T14:45:39+00:00\",\"dateModified\":\"2022-07-20T14:47:59+00:00\",\"breadcrumb\":{\"@id\":\"https:\/\/paulmmueller.com\/pflichtangaben\/#breadcrumb\"},\"inLanguage\":\"nl-NL\",\"potentialAction\":[{\"@type\":\"ReadAction\",\"target\":[\"https:\/\/paulmmueller.com\/pflichtangaben\/\"]}]},{\"@type\":\"BreadcrumbList\",\"@id\":\"https:\/\/paulmmueller.com\/pflichtangaben\/#breadcrumb\",\"itemListElement\":[{\"@type\":\"ListItem\",\"position\":1,\"name\":\"Home\",\"item\":\"https:\/\/paulmmueller.com\/\"},{\"@type\":\"ListItem\",\"position\":2,\"name\":\"Pflichtangaben\"}]},{\"@type\":\"WebSite\",\"@id\":\"https:\/\/paulmmueller.com\/en\/#website\",\"url\":\"https:\/\/paulmmueller.com\/en\/\",\"name\":\"Paul M. M\u00fcller\",\"description\":\"Die Food Marken Macher\",\"publisher\":{\"@id\":\"https:\/\/paulmmueller.com\/en\/#organization\"},\"potentialAction\":[{\"@type\":\"SearchAction\",\"target\":{\"@type\":\"EntryPoint\",\"urlTemplate\":\"https:\/\/paulmmueller.com\/en\/?s={search_term_string}\"},\"query-input\":{\"@type\":\"PropertyValueSpecification\",\"valueRequired\":true,\"valueName\":\"search_term_string\"}}],\"inLanguage\":\"nl-NL\"},{\"@type\":\"Organization\",\"@id\":\"https:\/\/paulmmueller.com\/en\/#organization\",\"name\":\"Paul M. M\u00fcller GmbH\",\"url\":\"https:\/\/paulmmueller.com\/en\/\",\"logo\":{\"@type\":\"ImageObject\",\"inLanguage\":\"nl-NL\",\"@id\":\"https:\/\/paulmmueller.com\/en\/#\/schema\/logo\/image\/\",\"url\":\"https:\/\/paulmmueller.com\/wp-content\/uploads\/2022\/08\/PaulMMueller_2021_EN.svg\",\"contentUrl\":\"https:\/\/paulmmueller.com\/wp-content\/uploads\/2022\/08\/PaulMMueller_2021_EN.svg\",\"width\":730,\"height\":137,\"caption\":\"Paul M. M\u00fcller GmbH\"},\"image\":{\"@id\":\"https:\/\/paulmmueller.com\/en\/#\/schema\/logo\/image\/\"},\"sameAs\":[\"https:\/\/www.facebook.com\/paulmmuellergmbh\/\",\"https:\/\/x.com\/PaulMMller1\",\"https:\/\/www.instagram.com\/paul_m._mueller_gmbh\/\",\"https:\/\/www.linkedin.com\/company\/17897510\/\",\"https:\/\/www.xing.com\/companies\/paulm.mllergmbh\"]}]}<\/script>\n<!-- \/ Yoast SEO plugin. -->","yoast_head_json":{"title":"Verplichte informatie - Paul M. M\u00fcller","robots":{"index":"index","follow":"follow","max-snippet":"max-snippet:-1","max-image-preview":"max-image-preview:large","max-video-preview":"max-video-preview:-1"},"canonical":"https:\/\/paulmmueller.com\/nl\/verplichte-informatie\/","og_locale":"nl_NL","og_type":"article","og_title":"Pflichtangaben - Paul M. M\u00fcller","og_description":"Pflichtangaben Paul M. M\u00fcller GmbHRaiffeisenallee 582041 Oberhaching Vertreten durch: Gesch\u00e4ftsf\u00fchrer: Thomas Schneidawind, Helmut Fabian Kretschmer Registereintrag: Eintragung im Handelsregister.Registergericht: Registergericht M\u00fcnchenRegisternummer: HRB 54774 Umsatzsteuer: Umsatzsteuer-Identifikationsnummer gem\u00e4\u00df \u00a727 a Umsatzsteuergesetz:DE129433719 GLN (Global Location Number): 4003735000006 \u00d6ko-Kontrollstelle: DE-\u00d6KO-037 Diese E-Mail und jeder \u00fcbermittelte Anhang enth\u00e4lt vertrauliche und\/oder rechtlich gesch\u00fctzte Informationen. Wenn Sie nicht der richtige Adressat sind [&hellip;]","og_url":"https:\/\/paulmmueller.com\/nl\/verplichte-informatie\/","og_site_name":"Paul M. M\u00fcller","article_publisher":"https:\/\/www.facebook.com\/paulmmuellergmbh\/","article_modified_time":"2022-07-20T14:47:59+00:00","twitter_card":"summary_large_image","twitter_site":"@PaulMMller1","schema":{"@context":"https:\/\/schema.org","@graph":[{"@type":"WebPage","@id":"https:\/\/paulmmueller.com\/pflichtangaben\/","url":"https:\/\/paulmmueller.com\/pflichtangaben\/","name":"Verplichte informatie - Paul M. M\u00fcller","isPartOf":{"@id":"https:\/\/paulmmueller.com\/en\/#website"},"datePublished":"2022-07-20T14:45:39+00:00","dateModified":"2022-07-20T14:47:59+00:00","breadcrumb":{"@id":"https:\/\/paulmmueller.com\/pflichtangaben\/#breadcrumb"},"inLanguage":"nl-NL","potentialAction":[{"@type":"ReadAction","target":["https:\/\/paulmmueller.com\/pflichtangaben\/"]}]},{"@type":"BreadcrumbList","@id":"https:\/\/paulmmueller.com\/pflichtangaben\/#breadcrumb","itemListElement":[{"@type":"ListItem","position":1,"name":"Home","item":"https:\/\/paulmmueller.com\/"},{"@type":"ListItem","position":2,"name":"Pflichtangaben"}]},{"@type":"WebSite","@id":"https:\/\/paulmmueller.com\/en\/#website","url":"https:\/\/paulmmueller.com\/en\/","name":"Paul M. M\u00fcller","description":"De voedselmerkenmakers","publisher":{"@id":"https:\/\/paulmmueller.com\/en\/#organization"},"potentialAction":[{"@type":"SearchAction","target":{"@type":"EntryPoint","urlTemplate":"https:\/\/paulmmueller.com\/en\/?s={search_term_string}"},"query-input":{"@type":"PropertyValueSpecification","valueRequired":true,"valueName":"search_term_string"}}],"inLanguage":"nl-NL"},{"@type":"Organization","@id":"https:\/\/paulmmueller.com\/en\/#organization","name":"Paul M. M\u00fcller GmbH","url":"https:\/\/paulmmueller.com\/en\/","logo":{"@type":"ImageObject","inLanguage":"nl-NL","@id":"https:\/\/paulmmueller.com\/en\/#\/schema\/logo\/image\/","url":"https:\/\/paulmmueller.com\/wp-content\/uploads\/2022\/08\/PaulMMueller_2021_EN.svg","contentUrl":"https:\/\/paulmmueller.com\/wp-content\/uploads\/2022\/08\/PaulMMueller_2021_EN.svg","width":730,"height":137,"caption":"Paul M. M\u00fcller GmbH"},"image":{"@id":"https:\/\/paulmmueller.com\/en\/#\/schema\/logo\/image\/"},"sameAs":["https:\/\/www.facebook.com\/paulmmuellergmbh\/","https:\/\/x.com\/PaulMMller1","https:\/\/www.instagram.com\/paul_m._mueller_gmbh\/","https:\/\/www.linkedin.com\/company\/17897510\/","https:\/\/www.xing.com\/companies\/paulm.mllergmbh"]}]}},"_links":{"self":[{"href":"https:\/\/paulmmueller.com\/nl\/wp-json\/wp\/v2\/pages\/14199","targetHints":{"allow":["GET"]}}],"collection":[{"href":"https:\/\/paulmmueller.com\/nl\/wp-json\/wp\/v2\/pages"}],"about":[{"href":"https:\/\/paulmmueller.com\/nl\/wp-json\/wp\/v2\/types\/page"}],"author":[{"embeddable":true,"href":"https:\/\/paulmmueller.com\/nl\/wp-json\/wp\/v2\/users\/1"}],"replies":[{"embeddable":true,"href":"https:\/\/paulmmueller.com\/nl\/wp-json\/wp\/v2\/comments?post=14199"}],"version-history":[{"count":10,"href":"https:\/\/paulmmueller.com\/nl\/wp-json\/wp\/v2\/pages\/14199\/revisions"}],"predecessor-version":[{"id":14209,"href":"https:\/\/paulmmueller.com\/nl\/wp-json\/wp\/v2\/pages\/14199\/revisions\/14209"}],"wp:attachment":[{"href":"https:\/\/paulmmueller.com\/nl\/wp-json\/wp\/v2\/media?parent=14199"}],"curies":[{"name":"wp","href":"https:\/\/api.w.org\/{rel}","templated":true}]}}