{"id":785,"date":"2021-11-22T17:19:07","date_gmt":"2021-11-22T16:19:07","guid":{"rendered":"https:\/\/paulmmueller.fantomas-staging.de\/?page_id=785"},"modified":"2024-02-09T14:23:25","modified_gmt":"2024-02-09T13:23:25","slug":"spolecnost","status":"publish","type":"page","link":"https:\/\/paulmmueller.com\/cs\/unternehmen\/","title":{"rendered":"Spole\u010dnost"},"content":{"rendered":"<div data-elementor-type=\"wp-page\" data-elementor-id=\"785\" class=\"elementor elementor-785\" data-elementor-post-type=\"page\">\n\t\t\t\t\t\t<section class=\"elementor-section elementor-top-section elementor-element elementor-element-4e95cb3 elementor-section-boxed elementor-section-height-default elementor-section-height-default\" data-id=\"4e95cb3\" data-element_type=\"section\" data-e-type=\"section\">\n\t\t\t\t\t\t<div class=\"elementor-container elementor-column-gap-default\">\n\t\t\t\t\t<div class=\"elementor-column elementor-col-100 elementor-top-column elementor-element elementor-element-4e1b9f2\" data-id=\"4e1b9f2\" data-element_type=\"column\" data-e-type=\"column\">\n\t\t\t<div class=\"elementor-widget-wrap elementor-element-populated\">\n\t\t\t\t\t\t<div class=\"elementor-element elementor-element-88b6c27 elementor-widget elementor-widget-spacer\" data-id=\"88b6c27\" data-element_type=\"widget\" data-e-type=\"widget\" data-widget_type=\"spacer.default\">\n\t\t\t\t<div class=\"elementor-widget-container\">\n\t\t\t\t\t\t\t<div class=\"elementor-spacer\">\n\t\t\t<div class=\"elementor-spacer-inner\"><\/div>\n\t\t<\/div>\n\t\t\t\t\t\t<\/div>\n\t\t\t\t<\/div>\n\t\t\t\t<div class=\"elementor-element elementor-element-d1d9b72 elementor-widget elementor-widget-heading\" data-id=\"d1d9b72\" data-element_type=\"widget\" data-e-type=\"widget\" data-widget_type=\"heading.default\">\n\t\t\t\t<div class=\"elementor-widget-container\">\n\t\t\t\t\t<h2 class=\"elementor-heading-title elementor-size-default\">Paul M. M\u00fcller<\/h2>\t\t\t\t<\/div>\n\t\t\t\t<\/div>\n\t\t\t\t<div class=\"elementor-element elementor-element-8757f51 dce_masking-none elementor-widget elementor-widget-image\" data-id=\"8757f51\" data-element_type=\"widget\" data-e-type=\"widget\" data-widget_type=\"image.default\">\n\t\t\t\t<div class=\"elementor-widget-container\">\n\t\t\t\t\t\t\t\t\t\t\t\t\t\t\t<img fetchpriority=\"high\" decoding=\"async\" width=\"800\" height=\"534\" src=\"https:\/\/paulmmueller.com\/wp-content\/uploads\/2022\/02\/jalapeno_307662038.jpg\" class=\"attachment-large size-large wp-image-10690\" alt=\"\" srcset=\"https:\/\/paulmmueller.com\/wp-content\/uploads\/2022\/02\/jalapeno_307662038.jpg 1000w, https:\/\/paulmmueller.com\/wp-content\/uploads\/2022\/02\/jalapeno_307662038-300x200.jpg 300w, https:\/\/paulmmueller.com\/wp-content\/uploads\/2022\/02\/jalapeno_307662038-768x512.jpg 768w, https:\/\/paulmmueller.com\/wp-content\/uploads\/2022\/02\/jalapeno_307662038-18x12.jpg 18w\" sizes=\"(max-width: 800px) 100vw, 800px\" \/>\t\t\t\t\t\t\t\t\t\t\t\t\t\t\t<\/div>\n\t\t\t\t<\/div>\n\t\t\t\t<div class=\"elementor-element elementor-element-fcc6c47 elementor-widget elementor-widget-text-editor\" data-id=\"fcc6c47\" data-element_type=\"widget\" data-e-type=\"widget\" data-widget_type=\"text-editor.default\">\n\t\t\t\t<div class=\"elementor-widget-container\">\n\t\t\t\t\t\t\t\t\tPro\u010d se n\u00e1m tak \u0159\u00edk\u00e1 a co n\u00e1s k tomu vede.\t\t\t\t\t\t\t\t<\/div>\n\t\t\t\t<\/div>\n\t\t\t\t\t<\/div>\n\t\t<\/div>\n\t\t\t\t\t<\/div>\n\t\t<\/section>\n\t\t\t\t<section class=\"elementor-section elementor-top-section elementor-element elementor-element-cea03ed elementor-section-boxed elementor-section-height-default elementor-section-height-default\" data-id=\"cea03ed\" data-element_type=\"section\" data-e-type=\"section\">\n\t\t\t\t\t\t<div class=\"elementor-container elementor-column-gap-default\">\n\t\t\t\t\t<div class=\"elementor-column elementor-col-100 elementor-top-column elementor-element elementor-element-3c8453c\" data-id=\"3c8453c\" data-element_type=\"column\" data-e-type=\"column\">\n\t\t\t<div class=\"elementor-widget-wrap elementor-element-populated\">\n\t\t\t\t\t\t<div class=\"elementor-element elementor-element-e2c3e65 elementor-widget elementor-widget-text-editor\" data-id=\"e2c3e65\" data-element_type=\"widget\" data-e-type=\"widget\" data-widget_type=\"text-editor.default\">\n\t\t\t\t<div class=\"elementor-widget-container\">\n\t\t\t\t\t\t\t\t\tBylo p\u00e1te\u010dn\u00ed odpoledne roku 1956, kdy\u017e Paul M. M\u00fcller dostal ve Stra\u00dflachu u Mnichova z\u00e1blesk inspirace. \"Ka\u017ed\u00fd si v p\u00e1tek od jedn\u00e9 hodiny d\u011bl\u00e1 to sv\u00e9\" tehdy je\u0161t\u011b neplatilo. N\u011bkdo p\u0159ece musel hospod\u00e1\u0159sk\u00fd z\u00e1zrak poh\u00e1n\u011bt kup\u0159edu! Jeho n\u00e1pad: dov\u00e1\u017eet a konzervovat prvot\u0159\u00eddn\u00ed potraviny - nejprve z D\u00e1ln\u00e9ho v\u00fdchodu, pak i ze St\u0159edomo\u0159\u00ed. Sotva se to \u0159eklo, u\u017e to bylo hotov\u00e9 - a Mnichovan\u016fm se otev\u0159el zcela nov\u00fd kulin\u00e1\u0159sk\u00fd sv\u011bt.\t\t\t\t\t\t\t\t<\/div>\n\t\t\t\t<\/div>\n\t\t\t\t<div class=\"elementor-element elementor-element-2489e8f elementor-widget elementor-widget-text-editor\" data-id=\"2489e8f\" data-element_type=\"widget\" data-e-type=\"widget\" data-widget_type=\"text-editor.default\">\n\t\t\t\t<div class=\"elementor-widget-container\">\n\t\t\t\t\t\t\t\t\tA dnes?\t\t\t\t\t\t\t\t<\/div>\n\t\t\t\t<\/div>\n\t\t\t\t<div class=\"elementor-element elementor-element-50550ba elementor-widget elementor-widget-text-editor\" data-id=\"50550ba\" data-element_type=\"widget\" data-e-type=\"widget\" data-widget_type=\"text-editor.default\">\n\t\t\t\t<div class=\"elementor-widget-container\">\n\t\t\t\t\t\t\t\t\t<p>Jako st\u0159edn\u011b velk\u00e1 nez\u00e1visl\u00e1 dovozn\u00ed spole\u010dnost na nejvy\u0161\u0161\u00ed \u00farovni dod\u00e1v\u00e1me sv\u00fdm mezin\u00e1rodn\u00edm z\u00e1kazn\u00edk\u016fm v\u00edce ne\u017e 170 produkt\u016f s vysoce motivovan\u00fdm, v\u00fdkonn\u00fdm a (t\u00e9m\u011b\u0159) v\u017edy vesel\u00fdm t\u00fdmem zam\u011bstnanc\u016f. Star\u00e9 odr\u016fdy ovoce a mlad\u00e9 zeleniny, ryby a lah\u016fdky z cel\u00e9ho sv\u011bta. Zpracovan\u00e9 a lahvovan\u00e9 speci\u00e1ln\u011b pro n\u00e1s vybran\u00fdmi v\u00fdrobci. V\u017edy bezpe\u010dn\u011b zabalen\u00e9 v klasick\u00fdch plechovk\u00e1ch, sklen\u011bn\u00fdch sklenic\u00edch a polypropylenov\u00fdch obalech, speci\u00e1ln\u011b chr\u00e1n\u011bn\u00e9 v s\u00e1\u010dkov\u00fdch obalech, Tetra Pac\u00edch a BiB (bag in boxes) i v sudech pro pr\u016fmysl.<\/p>\t\t\t\t\t\t\t\t<\/div>\n\t\t\t\t<\/div>\n\t\t\t\t<div class=\"elementor-element elementor-element-9606899 elementor-widget elementor-widget-text-editor\" data-id=\"9606899\" data-element_type=\"widget\" data-e-type=\"widget\" data-widget_type=\"text-editor.default\">\n\t\t\t\t<div class=\"elementor-widget-container\">\n\t\t\t\t\t\t\t\t\t<strong>Kr\u00e1tk\u00fd:<\/strong>  Kombinujeme odborn\u00e9 znalosti a v\u00fdkonnost velk\u00e9ho hr\u00e1\u010de s osobn\u00ed bl\u00edzkost\u00ed a v\u00e1\u0161n\u00ed rodinn\u00e9ho podniku: to je to, co na\u0161i z\u00e1kazn\u00edci z oblasti gastronomie, pr\u016fmyslu a velkoobchodu na spole\u010dnosti PMM tolik oce\u0148uj\u00ed. \t\t\t\t\t\t\t\t<\/div>\n\t\t\t\t<\/div>\n\t\t\t\t<div class=\"elementor-element elementor-element-7ade7b4 elementor-widget elementor-widget-text-editor\" data-id=\"7ade7b4\" data-element_type=\"widget\" data-e-type=\"widget\" data-widget_type=\"text-editor.default\">\n\t\t\t\t<div class=\"elementor-widget-container\">\n\t\t\t\t\t\t\t\t\tA v p\u00e1tek v jednu hodinu samoz\u0159ejm\u011b ka\u017ed\u00fd d\u011bl\u00e1 to sv\u00e9!\t\t\t\t\t\t\t\t<\/div>\n\t\t\t\t<\/div>\n\t\t\t\t\t<\/div>\n\t\t<\/div>\n\t\t\t\t\t<\/div>\n\t\t<\/section>\n\t\t\t\t<section class=\"elementor-section elementor-top-section elementor-element elementor-element-799af0f elementor-section-full_width elementor-section-height-min-height elementor-section-content-middle elementor-section-height-default elementor-section-items-middle\" data-id=\"799af0f\" data-element_type=\"section\" data-e-type=\"section\" data-settings=\"{&quot;background_background&quot;:&quot;gradient&quot;,&quot;animation&quot;:&quot;none&quot;}\">\n\t\t\t\t\t\t<div class=\"elementor-container elementor-column-gap-default\">\n\t\t\t\t\t<div class=\"elementor-column elementor-col-100 elementor-top-column elementor-element elementor-element-4498247\" data-id=\"4498247\" data-element_type=\"column\" data-e-type=\"column\">\n\t\t\t<div class=\"elementor-widget-wrap elementor-element-populated\">\n\t\t\t\t\t\t<section class=\"elementor-section elementor-inner-section elementor-element elementor-element-76d01a8 elementor-section-full_width elementor-section-height-default elementor-section-height-default\" data-id=\"76d01a8\" data-element_type=\"section\" data-e-type=\"section\" data-settings=\"{&quot;background_background&quot;:&quot;classic&quot;}\">\n\t\t\t\t\t\t<div class=\"elementor-container elementor-column-gap-default\">\n\t\t\t\t\t<div class=\"elementor-column elementor-col-33 elementor-inner-column elementor-element elementor-element-2d4a661\" data-id=\"2d4a661\" data-element_type=\"column\" data-e-type=\"column\">\n\t\t\t<div class=\"elementor-widget-wrap elementor-element-populated\">\n\t\t\t\t\t\t<div class=\"elementor-element elementor-element-4243b28 elementor-align-right elementor-mobile-align-center elementor-widget elementor-widget-button\" data-id=\"4243b28\" data-element_type=\"widget\" data-e-type=\"widget\" data-widget_type=\"button.default\">\n\t\t\t\t<div class=\"elementor-widget-container\">\n\t\t\t\t\t\t\t\t\t<div class=\"elementor-button-wrapper\">\n\t\t\t\t\t<a class=\"elementor-button elementor-button-link elementor-size-sm\" href=\"https:\/\/paulmmueller.com\/cs\/spolecnost\/tym\/\">\n\t\t\t\t\t\t<span class=\"elementor-button-content-wrapper\">\n\t\t\t\t\t\t\t\t\t<span class=\"elementor-button-text\">T\u00fdm<\/span>\n\t\t\t\t\t<\/span>\n\t\t\t\t\t<\/a>\n\t\t\t\t<\/div>\n\t\t\t\t\t\t\t\t<\/div>\n\t\t\t\t<\/div>\n\t\t\t\t\t<\/div>\n\t\t<\/div>\n\t\t\t\t<div class=\"elementor-column elementor-col-33 elementor-inner-column elementor-element elementor-element-882d8ba\" data-id=\"882d8ba\" data-element_type=\"column\" data-e-type=\"column\">\n\t\t\t<div class=\"elementor-widget-wrap elementor-element-populated\">\n\t\t\t\t\t\t<div class=\"elementor-element elementor-element-3a00e30 elementor-align-center elementor-widget elementor-widget-button\" data-id=\"3a00e30\" data-element_type=\"widget\" data-e-type=\"widget\" data-widget_type=\"button.default\">\n\t\t\t\t<div class=\"elementor-widget-container\">\n\t\t\t\t\t\t\t\t\t<div class=\"elementor-button-wrapper\">\n\t\t\t\t\t<a class=\"elementor-button elementor-button-link elementor-size-sm\" href=\"https:\/\/paulmmueller.com\/cs\/spolecnost\/partner\/\">\n\t\t\t\t\t\t<span class=\"elementor-button-content-wrapper\">\n\t\t\t\t\t\t\t\t\t<span class=\"elementor-button-text\">Partner<\/span>\n\t\t\t\t\t<\/span>\n\t\t\t\t\t<\/a>\n\t\t\t\t<\/div>\n\t\t\t\t\t\t\t\t<\/div>\n\t\t\t\t<\/div>\n\t\t\t\t\t<\/div>\n\t\t<\/div>\n\t\t\t\t<div class=\"elementor-column elementor-col-33 elementor-inner-column elementor-element elementor-element-dfe1d31\" data-id=\"dfe1d31\" data-element_type=\"column\" data-e-type=\"column\">\n\t\t\t<div class=\"elementor-widget-wrap elementor-element-populated\">\n\t\t\t\t\t\t<div class=\"elementor-element elementor-element-e8585a9 elementor-align-left elementor-mobile-align-center elementor-widget elementor-widget-button\" data-id=\"e8585a9\" data-element_type=\"widget\" data-e-type=\"widget\" data-widget_type=\"button.default\">\n\t\t\t\t<div class=\"elementor-widget-container\">\n\t\t\t\t\t\t\t\t\t<div class=\"elementor-button-wrapper\">\n\t\t\t\t\t<a class=\"elementor-button elementor-button-link elementor-size-sm\" href=\"https:\/\/paulmmueller.com\/cs\/spolecnost\/stellenanzeigen\/\">\n\t\t\t\t\t\t<span class=\"elementor-button-content-wrapper\">\n\t\t\t\t\t\t\t\t\t<span class=\"elementor-button-text\">Kari\u00e9ra<\/span>\n\t\t\t\t\t<\/span>\n\t\t\t\t\t<\/a>\n\t\t\t\t<\/div>\n\t\t\t\t\t\t\t\t<\/div>\n\t\t\t\t<\/div>\n\t\t\t\t\t<\/div>\n\t\t<\/div>\n\t\t\t\t\t<\/div>\n\t\t<\/section>\n\t\t\t\t\t<\/div>\n\t\t<\/div>\n\t\t\t\t\t<\/div>\n\t\t<\/section>\n\t\t\t\t<section class=\"elementor-section elementor-top-section elementor-element elementor-element-0fe5787 elementor-section-boxed elementor-section-height-default elementor-section-height-default\" data-id=\"0fe5787\" data-element_type=\"section\" data-e-type=\"section\">\n\t\t\t\t\t\t<div class=\"elementor-container elementor-column-gap-default\">\n\t\t\t\t\t<div class=\"elementor-column elementor-col-100 elementor-top-column elementor-element elementor-element-16cff4a\" data-id=\"16cff4a\" data-element_type=\"column\" data-e-type=\"column\">\n\t\t\t<div class=\"elementor-widget-wrap elementor-element-populated\">\n\t\t\t\t\t\t<div class=\"elementor-element elementor-element-a87af05 elementor-widget elementor-widget-spacer\" data-id=\"a87af05\" data-element_type=\"widget\" data-e-type=\"widget\" data-widget_type=\"spacer.default\">\n\t\t\t\t<div class=\"elementor-widget-container\">\n\t\t\t\t\t\t\t<div class=\"elementor-spacer\">\n\t\t\t<div class=\"elementor-spacer-inner\"><\/div>\n\t\t<\/div>\n\t\t\t\t\t\t<\/div>\n\t\t\t\t<\/div>\n\t\t\t\t\t<\/div>\n\t\t<\/div>\n\t\t\t\t\t<\/div>\n\t\t<\/section>\n\t\t\t\t<\/div>","protected":false},"excerpt":{"rendered":"<p>Paul M. M\u00fcller Warum wir so heissen und wie wir ticken.Es war ein Freitag-Nachmittag im Jahr 1956, als Paul M. M\u00fcller in Stra\u00dflach bei M\u00fcnchen der Ideenblitz traf. \u201eFreitags ab eins macht jeder seins\u201c, war damals noch kein Thema. Irgendjemand musste das Wirtschaftswunder ja schlie\u00dflich vorantreiben! Seine Idee: Der Import und die Konservierung erstklassiger Lebensmittel [&hellip;]<\/p>\n","protected":false},"author":1,"featured_media":0,"parent":0,"menu_order":56,"comment_status":"closed","ping_status":"closed","template":"","meta":{"_acf_changed":false,"footnotes":""},"class_list":["post-785","page","type-page","status-publish","hentry"],"acf":false,"yoast_head":"<!-- This site is optimized with the Yoast SEO plugin v27.0 - https:\/\/yoast.com\/product\/yoast-seo-wordpress\/ -->\n<title>Unternehmen - Paul M. M\u00fcller<\/title>\n<meta name=\"robots\" content=\"index, follow, max-snippet:-1, max-image-preview:large, max-video-preview:-1\" \/>\n<link rel=\"canonical\" href=\"https:\/\/paulmmueller.com\/cs\/spolecnost\/\" \/>\n<meta property=\"og:locale\" content=\"cs_CZ\" \/>\n<meta property=\"og:type\" content=\"article\" \/>\n<meta property=\"og:title\" content=\"Unternehmen - Paul M. M\u00fcller\" \/>\n<meta property=\"og:description\" content=\"Paul M. M\u00fcller Warum wir so heissen und wie wir ticken.Es war ein Freitag-Nachmittag im Jahr 1956, als Paul M. M\u00fcller in Stra\u00dflach bei M\u00fcnchen der Ideenblitz traf. \u201eFreitags ab eins macht jeder seins\u201c, war damals noch kein Thema. Irgendjemand musste das Wirtschaftswunder ja schlie\u00dflich vorantreiben! Seine Idee: Der Import und die Konservierung erstklassiger Lebensmittel [&hellip;]\" \/>\n<meta property=\"og:url\" content=\"https:\/\/paulmmueller.com\/cs\/spolecnost\/\" \/>\n<meta property=\"og:site_name\" content=\"Paul M. M\u00fcller\" \/>\n<meta property=\"article:publisher\" content=\"https:\/\/www.facebook.com\/paulmmuellergmbh\/\" \/>\n<meta property=\"article:modified_time\" content=\"2024-02-09T13:23:25+00:00\" \/>\n<meta property=\"og:image\" content=\"https:\/\/paulmmueller.com\/wp-content\/uploads\/2022\/02\/jalapeno_307662038.jpg\" \/>\n<meta name=\"twitter:card\" content=\"summary_large_image\" \/>\n<meta name=\"twitter:site\" content=\"@PaulMMller1\" \/>\n<script type=\"application\/ld+json\" class=\"yoast-schema-graph\">{\"@context\":\"https:\/\/schema.org\",\"@graph\":[{\"@type\":\"WebPage\",\"@id\":\"https:\/\/paulmmueller.com\/unternehmen\/\",\"url\":\"https:\/\/paulmmueller.com\/unternehmen\/\",\"name\":\"Unternehmen - Paul M. M\u00fcller\",\"isPartOf\":{\"@id\":\"https:\/\/paulmmueller.com\/en\/#website\"},\"primaryImageOfPage\":{\"@id\":\"https:\/\/paulmmueller.com\/unternehmen\/#primaryimage\"},\"image\":{\"@id\":\"https:\/\/paulmmueller.com\/unternehmen\/#primaryimage\"},\"thumbnailUrl\":\"https:\/\/paulmmueller.com\/wp-content\/uploads\/2022\/02\/jalapeno_307662038.jpg\",\"datePublished\":\"2021-11-22T16:19:07+00:00\",\"dateModified\":\"2024-02-09T13:23:25+00:00\",\"breadcrumb\":{\"@id\":\"https:\/\/paulmmueller.com\/unternehmen\/#breadcrumb\"},\"inLanguage\":\"cs\",\"potentialAction\":[{\"@type\":\"ReadAction\",\"target\":[\"https:\/\/paulmmueller.com\/unternehmen\/\"]}]},{\"@type\":\"ImageObject\",\"inLanguage\":\"cs\",\"@id\":\"https:\/\/paulmmueller.com\/unternehmen\/#primaryimage\",\"url\":\"https:\/\/paulmmueller.com\/wp-content\/uploads\/2022\/02\/jalapeno_307662038.jpg\",\"contentUrl\":\"https:\/\/paulmmueller.com\/wp-content\/uploads\/2022\/02\/jalapeno_307662038.jpg\"},{\"@type\":\"BreadcrumbList\",\"@id\":\"https:\/\/paulmmueller.com\/unternehmen\/#breadcrumb\",\"itemListElement\":[{\"@type\":\"ListItem\",\"position\":1,\"name\":\"Home\",\"item\":\"https:\/\/paulmmueller.com\/\"},{\"@type\":\"ListItem\",\"position\":2,\"name\":\"Unternehmen\"}]},{\"@type\":\"WebSite\",\"@id\":\"https:\/\/paulmmueller.com\/en\/#website\",\"url\":\"https:\/\/paulmmueller.com\/en\/\",\"name\":\"Paul M. M\u00fcller\",\"description\":\"Die Food Marken Macher\",\"publisher\":{\"@id\":\"https:\/\/paulmmueller.com\/en\/#organization\"},\"potentialAction\":[{\"@type\":\"SearchAction\",\"target\":{\"@type\":\"EntryPoint\",\"urlTemplate\":\"https:\/\/paulmmueller.com\/en\/?s={search_term_string}\"},\"query-input\":{\"@type\":\"PropertyValueSpecification\",\"valueRequired\":true,\"valueName\":\"search_term_string\"}}],\"inLanguage\":\"cs\"},{\"@type\":\"Organization\",\"@id\":\"https:\/\/paulmmueller.com\/en\/#organization\",\"name\":\"Paul M. M\u00fcller GmbH\",\"url\":\"https:\/\/paulmmueller.com\/en\/\",\"logo\":{\"@type\":\"ImageObject\",\"inLanguage\":\"cs\",\"@id\":\"https:\/\/paulmmueller.com\/en\/#\/schema\/logo\/image\/\",\"url\":\"https:\/\/paulmmueller.com\/wp-content\/uploads\/2022\/08\/PaulMMueller_2021_EN.svg\",\"contentUrl\":\"https:\/\/paulmmueller.com\/wp-content\/uploads\/2022\/08\/PaulMMueller_2021_EN.svg\",\"width\":730,\"height\":137,\"caption\":\"Paul M. M\u00fcller GmbH\"},\"image\":{\"@id\":\"https:\/\/paulmmueller.com\/en\/#\/schema\/logo\/image\/\"},\"sameAs\":[\"https:\/\/www.facebook.com\/paulmmuellergmbh\/\",\"https:\/\/x.com\/PaulMMller1\",\"https:\/\/www.instagram.com\/paul_m._mueller_gmbh\/\",\"https:\/\/www.linkedin.com\/company\/17897510\/\",\"https:\/\/www.xing.com\/companies\/paulm.mllergmbh\"]}]}<\/script>\n<!-- \/ Yoast SEO plugin. -->","yoast_head_json":{"title":"Spole\u010dnost - Paul M. M\u00fcller","robots":{"index":"index","follow":"follow","max-snippet":"max-snippet:-1","max-image-preview":"max-image-preview:large","max-video-preview":"max-video-preview:-1"},"canonical":"https:\/\/paulmmueller.com\/cs\/spolecnost\/","og_locale":"cs_CZ","og_type":"article","og_title":"Unternehmen - Paul M. M\u00fcller","og_description":"Paul M. M\u00fcller Warum wir so heissen und wie wir ticken.Es war ein Freitag-Nachmittag im Jahr 1956, als Paul M. M\u00fcller in Stra\u00dflach bei M\u00fcnchen der Ideenblitz traf. \u201eFreitags ab eins macht jeder seins\u201c, war damals noch kein Thema. Irgendjemand musste das Wirtschaftswunder ja schlie\u00dflich vorantreiben! Seine Idee: Der Import und die Konservierung erstklassiger Lebensmittel [&hellip;]","og_url":"https:\/\/paulmmueller.com\/cs\/spolecnost\/","og_site_name":"Paul M. M\u00fcller","article_publisher":"https:\/\/www.facebook.com\/paulmmuellergmbh\/","article_modified_time":"2024-02-09T13:23:25+00:00","og_image":[{"url":"https:\/\/paulmmueller.com\/wp-content\/uploads\/2022\/02\/jalapeno_307662038.jpg","type":"","width":"","height":""}],"twitter_card":"summary_large_image","twitter_site":"@PaulMMller1","schema":{"@context":"https:\/\/schema.org","@graph":[{"@type":"WebPage","@id":"https:\/\/paulmmueller.com\/unternehmen\/","url":"https:\/\/paulmmueller.com\/unternehmen\/","name":"Spole\u010dnost - Paul M. M\u00fcller","isPartOf":{"@id":"https:\/\/paulmmueller.com\/en\/#website"},"primaryImageOfPage":{"@id":"https:\/\/paulmmueller.com\/unternehmen\/#primaryimage"},"image":{"@id":"https:\/\/paulmmueller.com\/unternehmen\/#primaryimage"},"thumbnailUrl":"https:\/\/paulmmueller.com\/wp-content\/uploads\/2022\/02\/jalapeno_307662038.jpg","datePublished":"2021-11-22T16:19:07+00:00","dateModified":"2024-02-09T13:23:25+00:00","breadcrumb":{"@id":"https:\/\/paulmmueller.com\/unternehmen\/#breadcrumb"},"inLanguage":"cs","potentialAction":[{"@type":"ReadAction","target":["https:\/\/paulmmueller.com\/unternehmen\/"]}]},{"@type":"ImageObject","inLanguage":"cs","@id":"https:\/\/paulmmueller.com\/unternehmen\/#primaryimage","url":"https:\/\/paulmmueller.com\/wp-content\/uploads\/2022\/02\/jalapeno_307662038.jpg","contentUrl":"https:\/\/paulmmueller.com\/wp-content\/uploads\/2022\/02\/jalapeno_307662038.jpg"},{"@type":"BreadcrumbList","@id":"https:\/\/paulmmueller.com\/unternehmen\/#breadcrumb","itemListElement":[{"@type":"ListItem","position":1,"name":"Home","item":"https:\/\/paulmmueller.com\/"},{"@type":"ListItem","position":2,"name":"Unternehmen"}]},{"@type":"WebSite","@id":"https:\/\/paulmmueller.com\/en\/#website","url":"https:\/\/paulmmueller.com\/en\/","name":"Paul M. M\u00fcller","description":"V\u00fdrobci potravin\u00e1\u0159sk\u00fdch zna\u010dek","publisher":{"@id":"https:\/\/paulmmueller.com\/en\/#organization"},"potentialAction":[{"@type":"SearchAction","target":{"@type":"EntryPoint","urlTemplate":"https:\/\/paulmmueller.com\/en\/?s={search_term_string}"},"query-input":{"@type":"PropertyValueSpecification","valueRequired":true,"valueName":"search_term_string"}}],"inLanguage":"cs"},{"@type":"Organization","@id":"https:\/\/paulmmueller.com\/en\/#organization","name":"Paul M. M\u00fcller GmbH","url":"https:\/\/paulmmueller.com\/en\/","logo":{"@type":"ImageObject","inLanguage":"cs","@id":"https:\/\/paulmmueller.com\/en\/#\/schema\/logo\/image\/","url":"https:\/\/paulmmueller.com\/wp-content\/uploads\/2022\/08\/PaulMMueller_2021_EN.svg","contentUrl":"https:\/\/paulmmueller.com\/wp-content\/uploads\/2022\/08\/PaulMMueller_2021_EN.svg","width":730,"height":137,"caption":"Paul M. M\u00fcller GmbH"},"image":{"@id":"https:\/\/paulmmueller.com\/en\/#\/schema\/logo\/image\/"},"sameAs":["https:\/\/www.facebook.com\/paulmmuellergmbh\/","https:\/\/x.com\/PaulMMller1","https:\/\/www.instagram.com\/paul_m._mueller_gmbh\/","https:\/\/www.linkedin.com\/company\/17897510\/","https:\/\/www.xing.com\/companies\/paulm.mllergmbh"]}]}},"_links":{"self":[{"href":"https:\/\/paulmmueller.com\/cs\/wp-json\/wp\/v2\/pages\/785","targetHints":{"allow":["GET"]}}],"collection":[{"href":"https:\/\/paulmmueller.com\/cs\/wp-json\/wp\/v2\/pages"}],"about":[{"href":"https:\/\/paulmmueller.com\/cs\/wp-json\/wp\/v2\/types\/page"}],"author":[{"embeddable":true,"href":"https:\/\/paulmmueller.com\/cs\/wp-json\/wp\/v2\/users\/1"}],"replies":[{"embeddable":true,"href":"https:\/\/paulmmueller.com\/cs\/wp-json\/wp\/v2\/comments?post=785"}],"version-history":[{"count":10,"href":"https:\/\/paulmmueller.com\/cs\/wp-json\/wp\/v2\/pages\/785\/revisions"}],"predecessor-version":[{"id":19339,"href":"https:\/\/paulmmueller.com\/cs\/wp-json\/wp\/v2\/pages\/785\/revisions\/19339"}],"wp:attachment":[{"href":"https:\/\/paulmmueller.com\/cs\/wp-json\/wp\/v2\/media?parent=785"}],"curies":[{"name":"wp","href":"https:\/\/api.w.org\/{rel}","templated":true}]}}