{"id":24723,"date":"2025-07-02T12:39:27","date_gmt":"2025-07-02T10:39:27","guid":{"rendered":"https:\/\/paulmmueller.com\/?page_id=24723"},"modified":"2025-07-02T12:41:33","modified_gmt":"2025-07-02T10:41:33","slug":"prohlaseni-o-pristupnosti","status":"publish","type":"page","link":"https:\/\/paulmmueller.com\/cs\/erklaerung-zur-barrierefreiheit\/","title":{"rendered":"Prohl\u00e1\u0161en\u00ed o p\u0159\u00edstupnosti"},"content":{"rendered":"<h2>Prohl\u00e1\u0161en\u00ed o p\u0159\u00edstupnosti pro https:\/\/paulmmueller.com\/<\/h2>\n<p>Spole\u010dnost Paul M. M\u00fcller GmbH se zav\u00e1zala poskytovat osob\u00e1m se zdravotn\u00edm posti\u017een\u00edm bezbari\u00e9rov\u00fd p\u0159\u00edstup k digit\u00e1ln\u00edmu obsahu. Neust\u00e1le zlep\u0161ujeme u\u017eivatelskou p\u0159\u00edv\u011btivost pro v\u0161echny a uplat\u0148ujeme p\u0159\u00edslu\u0161n\u00e9 standardy p\u0159\u00edstupnosti.<\/p>\n<h2>Stav shody<\/h2>\n<p>Pokyny pro p\u0159\u00edstupnost webov\u00e9ho obsahu (WCAG) definuj\u00ed po\u017eadavky na n\u00e1vrh\u00e1\u0159e a v\u00fdvoj\u00e1\u0159e, kter\u00e9 maj\u00ed zlep\u0161it p\u0159\u00edstupnost pro osoby se zdravotn\u00edm posti\u017een\u00edm. Definuj\u00ed t\u0159i \u00farovn\u011b shody: \u00farove\u0148 A, \u00farove\u0148 AA a \u00farove\u0148 AAA.<\/p>\n<p>Spole\u010dnost Paul M. M\u00fcller GmbH se neust\u00e1le sna\u017e\u00ed zlep\u0161ovat p\u0159\u00edstupnost sv\u00fdch webov\u00fdch str\u00e1nek a slu\u017eeb, proto\u017ee v\u011b\u0159\u00edme, \u017ee je na\u0161\u00ed spole\u010dnou mor\u00e1ln\u00ed povinnost\u00ed zajistit bezprobl\u00e9mov\u00e9, p\u0159\u00edstupn\u00e9 a neru\u0161en\u00e9 pou\u017e\u00edv\u00e1n\u00ed pro osoby se zdravotn\u00edm posti\u017een\u00edm.<\/p>\n<p>Sna\u017e\u00edme se, aby v\u0161echny str\u00e1nky a obsah na https:\/\/paulmmueller.com\/ byly p\u0159\u00edstupn\u00e9, nicm\u00e9n\u011b n\u011bkter\u00fd obsah je\u0161t\u011b nemus\u00ed pln\u011b odpov\u00eddat nejp\u0159\u00edsn\u011bj\u0161\u00edm standard\u016fm p\u0159\u00edstupnosti. D\u016fvodem m\u016f\u017ee b\u00fdt obt\u00ed\u017en\u00e9 nalezen\u00ed nejvhodn\u011bj\u0161\u00edho technologick\u00e9ho \u0159e\u0161en\u00ed.<\/p>\n<p>Vyhrazujeme si pr\u00e1vo toto prohl\u00e1\u0161en\u00ed pravideln\u011b revidovat, aby odr\u00e1\u017eelo zlep\u0161en\u00ed nebo zm\u011bny na\u0161ich postup\u016f v oblasti p\u0159\u00edstupnosti.<\/p>\n<h2>Zp\u011btn\u00e1 vazba<\/h2>\n<p>Uv\u00edt\u00e1me va\u0161i zp\u011btnou vazbu ohledn\u011b p\u0159\u00edstupnosti webov\u00fdch str\u00e1nek spole\u010dnosti Paul M. M\u00fcller GmbH. Dejte n\u00e1m pros\u00edm v\u011bd\u011bt, pokud na na\u0161ich webov\u00fdch str\u00e1nk\u00e1ch naraz\u00edte na n\u011bjak\u00e9 p\u0159ek\u00e1\u017eky:<\/p>\n<p>E-mail: info@paulmmueller.com<\/p>\n<p>Na va\u0161i zp\u011btnou vazbu se sna\u017e\u00edme reagovat do 3-5 pracovn\u00edch dn\u016f.<\/p>","protected":false},"excerpt":{"rendered":"<p>Erkl\u00e4rung zur Barrierefreiheit f\u00fcr https:\/\/paulmmueller.com\/ Die Paul M. M\u00fcller GmbH verpflichtet sich, Menschen mit Behinderungen den barrierefreien Zugang zu digitalen Inhalten zu erm\u00f6glichen. Wir verbessern kontinuierlich die Benutzerfreundlichkeit f\u00fcr alle und wenden die relevanten Standards f\u00fcr Barrierefreiheit an. Konformit\u00e4tsstatus Die Web Content Accessibility Guidelines (WCAG) definieren Anforderungen an Designer und Entwickler, um die Barrierefreiheit f\u00fcr [&hellip;]<\/p>\n","protected":false},"author":9,"featured_media":0,"parent":0,"menu_order":1,"comment_status":"closed","ping_status":"closed","template":"","meta":{"_acf_changed":false,"footnotes":""},"class_list":["post-24723","page","type-page","status-publish","hentry"],"acf":false,"yoast_head":"<!-- This site is optimized with the Yoast SEO plugin v27.0 - https:\/\/yoast.com\/product\/yoast-seo-wordpress\/ -->\n<title>Erkl\u00e4rung zur Barrierefreiheit - Paul M. M\u00fcller<\/title>\n<meta name=\"robots\" content=\"index, follow, max-snippet:-1, max-image-preview:large, max-video-preview:-1\" \/>\n<link rel=\"canonical\" href=\"https:\/\/paulmmueller.com\/cs\/prohlaseni-o-pristupnosti\/\" \/>\n<meta property=\"og:locale\" content=\"cs_CZ\" \/>\n<meta property=\"og:type\" content=\"article\" \/>\n<meta property=\"og:title\" content=\"Erkl\u00e4rung zur Barrierefreiheit - Paul M. M\u00fcller\" \/>\n<meta property=\"og:description\" content=\"Erkl\u00e4rung zur Barrierefreiheit f\u00fcr https:\/\/paulmmueller.com\/ Die Paul M. M\u00fcller GmbH verpflichtet sich, Menschen mit Behinderungen den barrierefreien Zugang zu digitalen Inhalten zu erm\u00f6glichen. Wir verbessern kontinuierlich die Benutzerfreundlichkeit f\u00fcr alle und wenden die relevanten Standards f\u00fcr Barrierefreiheit an. Konformit\u00e4tsstatus Die Web Content Accessibility Guidelines (WCAG) definieren Anforderungen an Designer und Entwickler, um die Barrierefreiheit f\u00fcr [&hellip;]\" \/>\n<meta property=\"og:url\" content=\"https:\/\/paulmmueller.com\/cs\/prohlaseni-o-pristupnosti\/\" \/>\n<meta property=\"og:site_name\" content=\"Paul M. M\u00fcller\" \/>\n<meta property=\"article:publisher\" content=\"https:\/\/www.facebook.com\/paulmmuellergmbh\/\" \/>\n<meta property=\"article:modified_time\" content=\"2025-07-02T10:41:33+00:00\" \/>\n<meta name=\"twitter:card\" content=\"summary_large_image\" \/>\n<meta name=\"twitter:site\" content=\"@PaulMMller1\" \/>\n<script type=\"application\/ld+json\" class=\"yoast-schema-graph\">{\"@context\":\"https:\/\/schema.org\",\"@graph\":[{\"@type\":\"WebPage\",\"@id\":\"https:\/\/paulmmueller.com\/erklaerung-zur-barrierefreiheit\/\",\"url\":\"https:\/\/paulmmueller.com\/erklaerung-zur-barrierefreiheit\/\",\"name\":\"Erkl\u00e4rung zur Barrierefreiheit - Paul M. M\u00fcller\",\"isPartOf\":{\"@id\":\"https:\/\/paulmmueller.com\/en\/#website\"},\"datePublished\":\"2025-07-02T10:39:27+00:00\",\"dateModified\":\"2025-07-02T10:41:33+00:00\",\"breadcrumb\":{\"@id\":\"https:\/\/paulmmueller.com\/erklaerung-zur-barrierefreiheit\/#breadcrumb\"},\"inLanguage\":\"cs\",\"potentialAction\":[{\"@type\":\"ReadAction\",\"target\":[\"https:\/\/paulmmueller.com\/erklaerung-zur-barrierefreiheit\/\"]}]},{\"@type\":\"BreadcrumbList\",\"@id\":\"https:\/\/paulmmueller.com\/erklaerung-zur-barrierefreiheit\/#breadcrumb\",\"itemListElement\":[{\"@type\":\"ListItem\",\"position\":1,\"name\":\"Home\",\"item\":\"https:\/\/paulmmueller.com\/\"},{\"@type\":\"ListItem\",\"position\":2,\"name\":\"Erkl\u00e4rung zur Barrierefreiheit\"}]},{\"@type\":\"WebSite\",\"@id\":\"https:\/\/paulmmueller.com\/en\/#website\",\"url\":\"https:\/\/paulmmueller.com\/en\/\",\"name\":\"Paul M. M\u00fcller\",\"description\":\"Die Food Marken Macher\",\"publisher\":{\"@id\":\"https:\/\/paulmmueller.com\/en\/#organization\"},\"potentialAction\":[{\"@type\":\"SearchAction\",\"target\":{\"@type\":\"EntryPoint\",\"urlTemplate\":\"https:\/\/paulmmueller.com\/en\/?s={search_term_string}\"},\"query-input\":{\"@type\":\"PropertyValueSpecification\",\"valueRequired\":true,\"valueName\":\"search_term_string\"}}],\"inLanguage\":\"cs\"},{\"@type\":\"Organization\",\"@id\":\"https:\/\/paulmmueller.com\/en\/#organization\",\"name\":\"Paul M. M\u00fcller GmbH\",\"url\":\"https:\/\/paulmmueller.com\/en\/\",\"logo\":{\"@type\":\"ImageObject\",\"inLanguage\":\"cs\",\"@id\":\"https:\/\/paulmmueller.com\/en\/#\/schema\/logo\/image\/\",\"url\":\"https:\/\/paulmmueller.com\/wp-content\/uploads\/2022\/08\/PaulMMueller_2021_EN.svg\",\"contentUrl\":\"https:\/\/paulmmueller.com\/wp-content\/uploads\/2022\/08\/PaulMMueller_2021_EN.svg\",\"width\":730,\"height\":137,\"caption\":\"Paul M. M\u00fcller GmbH\"},\"image\":{\"@id\":\"https:\/\/paulmmueller.com\/en\/#\/schema\/logo\/image\/\"},\"sameAs\":[\"https:\/\/www.facebook.com\/paulmmuellergmbh\/\",\"https:\/\/x.com\/PaulMMller1\",\"https:\/\/www.instagram.com\/paul_m._mueller_gmbh\/\",\"https:\/\/www.linkedin.com\/company\/17897510\/\",\"https:\/\/www.xing.com\/companies\/paulm.mllergmbh\"]}]}<\/script>\n<!-- \/ Yoast SEO plugin. -->","yoast_head_json":{"title":"Prohl\u00e1\u0161en\u00ed o p\u0159\u00edstupnosti - Paul M. M\u00fcller","robots":{"index":"index","follow":"follow","max-snippet":"max-snippet:-1","max-image-preview":"max-image-preview:large","max-video-preview":"max-video-preview:-1"},"canonical":"https:\/\/paulmmueller.com\/cs\/prohlaseni-o-pristupnosti\/","og_locale":"cs_CZ","og_type":"article","og_title":"Erkl\u00e4rung zur Barrierefreiheit - Paul M. M\u00fcller","og_description":"Erkl\u00e4rung zur Barrierefreiheit f\u00fcr https:\/\/paulmmueller.com\/ Die Paul M. M\u00fcller GmbH verpflichtet sich, Menschen mit Behinderungen den barrierefreien Zugang zu digitalen Inhalten zu erm\u00f6glichen. Wir verbessern kontinuierlich die Benutzerfreundlichkeit f\u00fcr alle und wenden die relevanten Standards f\u00fcr Barrierefreiheit an. Konformit\u00e4tsstatus Die Web Content Accessibility Guidelines (WCAG) definieren Anforderungen an Designer und Entwickler, um die Barrierefreiheit f\u00fcr [&hellip;]","og_url":"https:\/\/paulmmueller.com\/cs\/prohlaseni-o-pristupnosti\/","og_site_name":"Paul M. M\u00fcller","article_publisher":"https:\/\/www.facebook.com\/paulmmuellergmbh\/","article_modified_time":"2025-07-02T10:41:33+00:00","twitter_card":"summary_large_image","twitter_site":"@PaulMMller1","schema":{"@context":"https:\/\/schema.org","@graph":[{"@type":"WebPage","@id":"https:\/\/paulmmueller.com\/erklaerung-zur-barrierefreiheit\/","url":"https:\/\/paulmmueller.com\/erklaerung-zur-barrierefreiheit\/","name":"Prohl\u00e1\u0161en\u00ed o p\u0159\u00edstupnosti - Paul M. M\u00fcller","isPartOf":{"@id":"https:\/\/paulmmueller.com\/en\/#website"},"datePublished":"2025-07-02T10:39:27+00:00","dateModified":"2025-07-02T10:41:33+00:00","breadcrumb":{"@id":"https:\/\/paulmmueller.com\/erklaerung-zur-barrierefreiheit\/#breadcrumb"},"inLanguage":"cs","potentialAction":[{"@type":"ReadAction","target":["https:\/\/paulmmueller.com\/erklaerung-zur-barrierefreiheit\/"]}]},{"@type":"BreadcrumbList","@id":"https:\/\/paulmmueller.com\/erklaerung-zur-barrierefreiheit\/#breadcrumb","itemListElement":[{"@type":"ListItem","position":1,"name":"Home","item":"https:\/\/paulmmueller.com\/"},{"@type":"ListItem","position":2,"name":"Erkl\u00e4rung zur Barrierefreiheit"}]},{"@type":"WebSite","@id":"https:\/\/paulmmueller.com\/en\/#website","url":"https:\/\/paulmmueller.com\/en\/","name":"Paul M. M\u00fcller","description":"V\u00fdrobci potravin\u00e1\u0159sk\u00fdch zna\u010dek","publisher":{"@id":"https:\/\/paulmmueller.com\/en\/#organization"},"potentialAction":[{"@type":"SearchAction","target":{"@type":"EntryPoint","urlTemplate":"https:\/\/paulmmueller.com\/en\/?s={search_term_string}"},"query-input":{"@type":"PropertyValueSpecification","valueRequired":true,"valueName":"search_term_string"}}],"inLanguage":"cs"},{"@type":"Organization","@id":"https:\/\/paulmmueller.com\/en\/#organization","name":"Paul M. M\u00fcller GmbH","url":"https:\/\/paulmmueller.com\/en\/","logo":{"@type":"ImageObject","inLanguage":"cs","@id":"https:\/\/paulmmueller.com\/en\/#\/schema\/logo\/image\/","url":"https:\/\/paulmmueller.com\/wp-content\/uploads\/2022\/08\/PaulMMueller_2021_EN.svg","contentUrl":"https:\/\/paulmmueller.com\/wp-content\/uploads\/2022\/08\/PaulMMueller_2021_EN.svg","width":730,"height":137,"caption":"Paul M. M\u00fcller GmbH"},"image":{"@id":"https:\/\/paulmmueller.com\/en\/#\/schema\/logo\/image\/"},"sameAs":["https:\/\/www.facebook.com\/paulmmuellergmbh\/","https:\/\/x.com\/PaulMMller1","https:\/\/www.instagram.com\/paul_m._mueller_gmbh\/","https:\/\/www.linkedin.com\/company\/17897510\/","https:\/\/www.xing.com\/companies\/paulm.mllergmbh"]}]}},"_links":{"self":[{"href":"https:\/\/paulmmueller.com\/cs\/wp-json\/wp\/v2\/pages\/24723","targetHints":{"allow":["GET"]}}],"collection":[{"href":"https:\/\/paulmmueller.com\/cs\/wp-json\/wp\/v2\/pages"}],"about":[{"href":"https:\/\/paulmmueller.com\/cs\/wp-json\/wp\/v2\/types\/page"}],"author":[{"embeddable":true,"href":"https:\/\/paulmmueller.com\/cs\/wp-json\/wp\/v2\/users\/9"}],"replies":[{"embeddable":true,"href":"https:\/\/paulmmueller.com\/cs\/wp-json\/wp\/v2\/comments?post=24723"}],"version-history":[{"count":2,"href":"https:\/\/paulmmueller.com\/cs\/wp-json\/wp\/v2\/pages\/24723\/revisions"}],"predecessor-version":[{"id":24725,"href":"https:\/\/paulmmueller.com\/cs\/wp-json\/wp\/v2\/pages\/24723\/revisions\/24725"}],"wp:attachment":[{"href":"https:\/\/paulmmueller.com\/cs\/wp-json\/wp\/v2\/media?parent=24723"}],"curies":[{"name":"wp","href":"https:\/\/api.w.org\/{rel}","templated":true}]}}