{"id":14199,"date":"2022-07-20T16:45:39","date_gmt":"2022-07-20T14:45:39","guid":{"rendered":"https:\/\/paulmmueller.fantomas-staging.de\/?page_id=14199"},"modified":"2022-07-20T16:47:59","modified_gmt":"2022-07-20T14:47:59","slug":"povinne-informace","status":"publish","type":"page","link":"https:\/\/paulmmueller.com\/cs\/pflichtangaben\/","title":{"rendered":"Povinn\u00e9 informace"},"content":{"rendered":"<div data-elementor-type=\"wp-page\" data-elementor-id=\"14199\" class=\"elementor elementor-14199\" data-elementor-post-type=\"page\">\n\t\t\t\t\t\t<section class=\"elementor-section elementor-top-section elementor-element elementor-element-66f4d09 elementor-section-boxed elementor-section-height-default elementor-section-height-default\" data-id=\"66f4d09\" data-element_type=\"section\" data-e-type=\"section\">\n\t\t\t\t\t\t<div class=\"elementor-container elementor-column-gap-default\">\n\t\t\t\t\t<div class=\"elementor-column elementor-col-100 elementor-top-column elementor-element elementor-element-c0af0d3\" data-id=\"c0af0d3\" data-element_type=\"column\" data-e-type=\"column\">\n\t\t\t<div class=\"elementor-widget-wrap elementor-element-populated\">\n\t\t\t\t\t\t<div class=\"elementor-element elementor-element-27a2121 elementor-widget elementor-widget-heading\" data-id=\"27a2121\" data-element_type=\"widget\" data-e-type=\"widget\" data-widget_type=\"heading.default\">\n\t\t\t\t<div class=\"elementor-widget-container\">\n\t\t\t\t\t<h1 class=\"elementor-heading-title elementor-size-default\">Povinn\u00e9 informace<\/h1>\t\t\t\t<\/div>\n\t\t\t\t<\/div>\n\t\t\t\t<div class=\"elementor-element elementor-element-5d4f4e5 elementor-widget elementor-widget-spacer\" data-id=\"5d4f4e5\" data-element_type=\"widget\" data-e-type=\"widget\" data-widget_type=\"spacer.default\">\n\t\t\t\t<div class=\"elementor-widget-container\">\n\t\t\t\t\t\t\t<div class=\"elementor-spacer\">\n\t\t\t<div class=\"elementor-spacer-inner\"><\/div>\n\t\t<\/div>\n\t\t\t\t\t\t<\/div>\n\t\t\t\t<\/div>\n\t\t\t\t<div class=\"elementor-element elementor-element-cab65f4 elementor-widget elementor-widget-text-editor\" data-id=\"cab65f4\" data-element_type=\"widget\" data-e-type=\"widget\" data-widget_type=\"text-editor.default\">\n\t\t\t\t<div class=\"elementor-widget-container\">\n\t\t\t\t\t\t\t\t\t<div class=\"vc_row wpb_row vc_row-fluid vc_custom_1527068821287 vc_row-has-fill\"><div class=\"container\"><div class=\"row\"><div class=\"wpb_column vc_column_container vc_col-sm-12 vc_custom_1527147707520\"><div class=\"vc_custom_column-inner\"><div class=\"wpb_wrapper\"><div class=\"wpb_text_column wpb_content_element  form-imprint\"><div class=\"wpb_wrapper\"><p>Paul M. M\u00fcller GmbH<br \/>Raiffeisenallee 5<br \/>82041 Oberhaching<\/p><h3>Zastoupen\u00e1:<\/h3><p>Jednatel\u00e9: Thomas Schneidawind, Helmut Fabian Kretschmer<\/p><h3>Vstup do rejst\u0159\u00edku:<\/h3><p>Z\u00e1pis do obchodn\u00edho rejst\u0159\u00edku.<br \/>Rejst\u0159\u00edkov\u00fd soud: Rejst\u0159\u00edkov\u00fd soud Mnichov<br \/>Registra\u010dn\u00ed \u010d\u00edslo: HRB 54774<\/p><h3>Da\u0148 z p\u0159idan\u00e9 hodnoty:<\/h3><p>Identifika\u010dn\u00ed \u010d\u00edslo pro da\u0148 z obratu podle \u00a7 27a z\u00e1kona o dani z obratu:<br \/>DE129433719<\/p><h3>GLN (Global Location Number):<\/h3><p>4003735000006<\/p><h3>Organick\u00e9 kontroln\u00ed st\u0159edisko:<\/h3><p>DE-\u00d6KO-037<\/p><p>Tento e-mail a v\u0161echny zaslan\u00e9 p\u0159\u00edlohy obsahuj\u00ed d\u016fv\u011brn\u00e9 a\/nebo z\u00e1konem chr\u00e1n\u011bn\u00e9 informace. Pokud nejste spr\u00e1vn\u00fdm adres\u00e1tem nebo jste tento e-mail obdr\u017eeli omylem, neprodlen\u011b informujte odes\u00edlatele a tento e-mail zni\u010dte. Neopr\u00e1vn\u011bn\u00e9 (i \u010d\u00e1ste\u010dn\u00e9) kop\u00edrov\u00e1n\u00ed a neopr\u00e1vn\u011bn\u00e9 p\u0159epos\u00edl\u00e1n\u00ed tohoto e-mailu nen\u00ed dovoleno a m\u016f\u017ee m\u00edt za n\u00e1sledek odpov\u011bdnost za \u0161kodu. Z pr\u00e1vn\u00edch a bezpe\u010dnostn\u00edch d\u016fvod\u016f nejsou informace uveden\u00e9 v tomto e-mailu pr\u00e1vn\u011b z\u00e1vazn\u00e9. Na po\u017e\u00e1d\u00e1n\u00ed v\u00e1m r\u00e1di poskytneme pr\u00e1vn\u011b z\u00e1vazn\u00e9 p\u00edsemn\u00e9 potvrzen\u00ed.<\/p><p><strong>Bezpe\u010dnostn\u00ed upozorn\u011bn\u00ed<\/strong>Upozor\u0148ujeme, \u017ee internet nen\u00ed bezpe\u010dn\u00e9 komunika\u010dn\u00ed m\u00e9dium. P\u0159esto\u017ee jsme v r\u00e1mci \u0159\u00edzen\u00ed kvality a n\u00e1le\u017eit\u00e9 p\u00e9\u010de podnikli kroky, abychom v maxim\u00e1ln\u00ed mo\u017en\u00e9 m\u00ed\u0159e zabr\u00e1nili \u00fatoku po\u010d\u00edta\u010dov\u00fdch vir\u016f, nem\u016f\u017eeme vzhledem k povaze internetu vylou\u010dit riziko napaden\u00ed tohoto e-mailu po\u010d\u00edta\u010dov\u00fdm virem.<\/p><\/div><\/div><\/div><\/div><\/div><\/div><\/div><\/div>\t\t\t\t\t\t\t\t<\/div>\n\t\t\t\t<\/div>\n\t\t\t\t<div class=\"elementor-element elementor-element-6a0ddf4 elementor-widget elementor-widget-spacer\" data-id=\"6a0ddf4\" data-element_type=\"widget\" data-e-type=\"widget\" data-widget_type=\"spacer.default\">\n\t\t\t\t<div class=\"elementor-widget-container\">\n\t\t\t\t\t\t\t<div class=\"elementor-spacer\">\n\t\t\t<div class=\"elementor-spacer-inner\"><\/div>\n\t\t<\/div>\n\t\t\t\t\t\t<\/div>\n\t\t\t\t<\/div>\n\t\t\t\t\t<\/div>\n\t\t<\/div>\n\t\t\t\t\t<\/div>\n\t\t<\/section>\n\t\t\t\t<\/div>","protected":false},"excerpt":{"rendered":"<p>Pflichtangaben Paul M. M\u00fcller GmbHRaiffeisenallee 582041 Oberhaching Vertreten durch: Gesch\u00e4ftsf\u00fchrer: Thomas Schneidawind, Helmut Fabian Kretschmer Registereintrag: Eintragung im Handelsregister.Registergericht: Registergericht M\u00fcnchenRegisternummer: HRB 54774 Umsatzsteuer: Umsatzsteuer-Identifikationsnummer gem\u00e4\u00df \u00a727 a Umsatzsteuergesetz:DE129433719 GLN (Global Location Number): 4003735000006 \u00d6ko-Kontrollstelle: DE-\u00d6KO-037 Diese E-Mail und jeder \u00fcbermittelte Anhang enth\u00e4lt vertrauliche und\/oder rechtlich gesch\u00fctzte Informationen. Wenn Sie nicht der richtige Adressat sind [&hellip;]<\/p>\n","protected":false},"author":1,"featured_media":0,"parent":0,"menu_order":51,"comment_status":"closed","ping_status":"closed","template":"","meta":{"_acf_changed":false,"footnotes":""},"class_list":["post-14199","page","type-page","status-publish","hentry"],"acf":false,"yoast_head":"<!-- This site is optimized with the Yoast SEO plugin v27.0 - https:\/\/yoast.com\/product\/yoast-seo-wordpress\/ -->\n<title>Pflichtangaben - Paul M. M\u00fcller<\/title>\n<meta name=\"robots\" content=\"index, follow, max-snippet:-1, max-image-preview:large, max-video-preview:-1\" \/>\n<link rel=\"canonical\" href=\"https:\/\/paulmmueller.com\/cs\/povinne-informace\/\" \/>\n<meta property=\"og:locale\" content=\"cs_CZ\" \/>\n<meta property=\"og:type\" content=\"article\" \/>\n<meta property=\"og:title\" content=\"Pflichtangaben - Paul M. M\u00fcller\" \/>\n<meta property=\"og:description\" content=\"Pflichtangaben Paul M. M\u00fcller GmbHRaiffeisenallee 582041 Oberhaching Vertreten durch: Gesch\u00e4ftsf\u00fchrer: Thomas Schneidawind, Helmut Fabian Kretschmer Registereintrag: Eintragung im Handelsregister.Registergericht: Registergericht M\u00fcnchenRegisternummer: HRB 54774 Umsatzsteuer: Umsatzsteuer-Identifikationsnummer gem\u00e4\u00df \u00a727 a Umsatzsteuergesetz:DE129433719 GLN (Global Location Number): 4003735000006 \u00d6ko-Kontrollstelle: DE-\u00d6KO-037 Diese E-Mail und jeder \u00fcbermittelte Anhang enth\u00e4lt vertrauliche und\/oder rechtlich gesch\u00fctzte Informationen. Wenn Sie nicht der richtige Adressat sind [&hellip;]\" \/>\n<meta property=\"og:url\" content=\"https:\/\/paulmmueller.com\/cs\/povinne-informace\/\" \/>\n<meta property=\"og:site_name\" content=\"Paul M. M\u00fcller\" \/>\n<meta property=\"article:publisher\" content=\"https:\/\/www.facebook.com\/paulmmuellergmbh\/\" \/>\n<meta property=\"article:modified_time\" content=\"2022-07-20T14:47:59+00:00\" \/>\n<meta name=\"twitter:card\" content=\"summary_large_image\" \/>\n<meta name=\"twitter:site\" content=\"@PaulMMller1\" \/>\n<script type=\"application\/ld+json\" class=\"yoast-schema-graph\">{\"@context\":\"https:\/\/schema.org\",\"@graph\":[{\"@type\":\"WebPage\",\"@id\":\"https:\/\/paulmmueller.com\/pflichtangaben\/\",\"url\":\"https:\/\/paulmmueller.com\/pflichtangaben\/\",\"name\":\"Pflichtangaben - Paul M. M\u00fcller\",\"isPartOf\":{\"@id\":\"https:\/\/paulmmueller.com\/en\/#website\"},\"datePublished\":\"2022-07-20T14:45:39+00:00\",\"dateModified\":\"2022-07-20T14:47:59+00:00\",\"breadcrumb\":{\"@id\":\"https:\/\/paulmmueller.com\/pflichtangaben\/#breadcrumb\"},\"inLanguage\":\"cs\",\"potentialAction\":[{\"@type\":\"ReadAction\",\"target\":[\"https:\/\/paulmmueller.com\/pflichtangaben\/\"]}]},{\"@type\":\"BreadcrumbList\",\"@id\":\"https:\/\/paulmmueller.com\/pflichtangaben\/#breadcrumb\",\"itemListElement\":[{\"@type\":\"ListItem\",\"position\":1,\"name\":\"Home\",\"item\":\"https:\/\/paulmmueller.com\/\"},{\"@type\":\"ListItem\",\"position\":2,\"name\":\"Pflichtangaben\"}]},{\"@type\":\"WebSite\",\"@id\":\"https:\/\/paulmmueller.com\/en\/#website\",\"url\":\"https:\/\/paulmmueller.com\/en\/\",\"name\":\"Paul M. M\u00fcller\",\"description\":\"Die Food Marken Macher\",\"publisher\":{\"@id\":\"https:\/\/paulmmueller.com\/en\/#organization\"},\"potentialAction\":[{\"@type\":\"SearchAction\",\"target\":{\"@type\":\"EntryPoint\",\"urlTemplate\":\"https:\/\/paulmmueller.com\/en\/?s={search_term_string}\"},\"query-input\":{\"@type\":\"PropertyValueSpecification\",\"valueRequired\":true,\"valueName\":\"search_term_string\"}}],\"inLanguage\":\"cs\"},{\"@type\":\"Organization\",\"@id\":\"https:\/\/paulmmueller.com\/en\/#organization\",\"name\":\"Paul M. M\u00fcller GmbH\",\"url\":\"https:\/\/paulmmueller.com\/en\/\",\"logo\":{\"@type\":\"ImageObject\",\"inLanguage\":\"cs\",\"@id\":\"https:\/\/paulmmueller.com\/en\/#\/schema\/logo\/image\/\",\"url\":\"https:\/\/paulmmueller.com\/wp-content\/uploads\/2022\/08\/PaulMMueller_2021_EN.svg\",\"contentUrl\":\"https:\/\/paulmmueller.com\/wp-content\/uploads\/2022\/08\/PaulMMueller_2021_EN.svg\",\"width\":730,\"height\":137,\"caption\":\"Paul M. M\u00fcller GmbH\"},\"image\":{\"@id\":\"https:\/\/paulmmueller.com\/en\/#\/schema\/logo\/image\/\"},\"sameAs\":[\"https:\/\/www.facebook.com\/paulmmuellergmbh\/\",\"https:\/\/x.com\/PaulMMller1\",\"https:\/\/www.instagram.com\/paul_m._mueller_gmbh\/\",\"https:\/\/www.linkedin.com\/company\/17897510\/\",\"https:\/\/www.xing.com\/companies\/paulm.mllergmbh\"]}]}<\/script>\n<!-- \/ Yoast SEO plugin. -->","yoast_head_json":{"title":"Povinn\u00e9 informace - Paul M. M\u00fcller","robots":{"index":"index","follow":"follow","max-snippet":"max-snippet:-1","max-image-preview":"max-image-preview:large","max-video-preview":"max-video-preview:-1"},"canonical":"https:\/\/paulmmueller.com\/cs\/povinne-informace\/","og_locale":"cs_CZ","og_type":"article","og_title":"Pflichtangaben - Paul M. M\u00fcller","og_description":"Pflichtangaben Paul M. M\u00fcller GmbHRaiffeisenallee 582041 Oberhaching Vertreten durch: Gesch\u00e4ftsf\u00fchrer: Thomas Schneidawind, Helmut Fabian Kretschmer Registereintrag: Eintragung im Handelsregister.Registergericht: Registergericht M\u00fcnchenRegisternummer: HRB 54774 Umsatzsteuer: Umsatzsteuer-Identifikationsnummer gem\u00e4\u00df \u00a727 a Umsatzsteuergesetz:DE129433719 GLN (Global Location Number): 4003735000006 \u00d6ko-Kontrollstelle: DE-\u00d6KO-037 Diese E-Mail und jeder \u00fcbermittelte Anhang enth\u00e4lt vertrauliche und\/oder rechtlich gesch\u00fctzte Informationen. Wenn Sie nicht der richtige Adressat sind [&hellip;]","og_url":"https:\/\/paulmmueller.com\/cs\/povinne-informace\/","og_site_name":"Paul M. M\u00fcller","article_publisher":"https:\/\/www.facebook.com\/paulmmuellergmbh\/","article_modified_time":"2022-07-20T14:47:59+00:00","twitter_card":"summary_large_image","twitter_site":"@PaulMMller1","schema":{"@context":"https:\/\/schema.org","@graph":[{"@type":"WebPage","@id":"https:\/\/paulmmueller.com\/pflichtangaben\/","url":"https:\/\/paulmmueller.com\/pflichtangaben\/","name":"Povinn\u00e9 informace - Paul M. M\u00fcller","isPartOf":{"@id":"https:\/\/paulmmueller.com\/en\/#website"},"datePublished":"2022-07-20T14:45:39+00:00","dateModified":"2022-07-20T14:47:59+00:00","breadcrumb":{"@id":"https:\/\/paulmmueller.com\/pflichtangaben\/#breadcrumb"},"inLanguage":"cs","potentialAction":[{"@type":"ReadAction","target":["https:\/\/paulmmueller.com\/pflichtangaben\/"]}]},{"@type":"BreadcrumbList","@id":"https:\/\/paulmmueller.com\/pflichtangaben\/#breadcrumb","itemListElement":[{"@type":"ListItem","position":1,"name":"Home","item":"https:\/\/paulmmueller.com\/"},{"@type":"ListItem","position":2,"name":"Pflichtangaben"}]},{"@type":"WebSite","@id":"https:\/\/paulmmueller.com\/en\/#website","url":"https:\/\/paulmmueller.com\/en\/","name":"Paul M. M\u00fcller","description":"V\u00fdrobci potravin\u00e1\u0159sk\u00fdch zna\u010dek","publisher":{"@id":"https:\/\/paulmmueller.com\/en\/#organization"},"potentialAction":[{"@type":"SearchAction","target":{"@type":"EntryPoint","urlTemplate":"https:\/\/paulmmueller.com\/en\/?s={search_term_string}"},"query-input":{"@type":"PropertyValueSpecification","valueRequired":true,"valueName":"search_term_string"}}],"inLanguage":"cs"},{"@type":"Organization","@id":"https:\/\/paulmmueller.com\/en\/#organization","name":"Paul M. M\u00fcller GmbH","url":"https:\/\/paulmmueller.com\/en\/","logo":{"@type":"ImageObject","inLanguage":"cs","@id":"https:\/\/paulmmueller.com\/en\/#\/schema\/logo\/image\/","url":"https:\/\/paulmmueller.com\/wp-content\/uploads\/2022\/08\/PaulMMueller_2021_EN.svg","contentUrl":"https:\/\/paulmmueller.com\/wp-content\/uploads\/2022\/08\/PaulMMueller_2021_EN.svg","width":730,"height":137,"caption":"Paul M. M\u00fcller GmbH"},"image":{"@id":"https:\/\/paulmmueller.com\/en\/#\/schema\/logo\/image\/"},"sameAs":["https:\/\/www.facebook.com\/paulmmuellergmbh\/","https:\/\/x.com\/PaulMMller1","https:\/\/www.instagram.com\/paul_m._mueller_gmbh\/","https:\/\/www.linkedin.com\/company\/17897510\/","https:\/\/www.xing.com\/companies\/paulm.mllergmbh"]}]}},"_links":{"self":[{"href":"https:\/\/paulmmueller.com\/cs\/wp-json\/wp\/v2\/pages\/14199","targetHints":{"allow":["GET"]}}],"collection":[{"href":"https:\/\/paulmmueller.com\/cs\/wp-json\/wp\/v2\/pages"}],"about":[{"href":"https:\/\/paulmmueller.com\/cs\/wp-json\/wp\/v2\/types\/page"}],"author":[{"embeddable":true,"href":"https:\/\/paulmmueller.com\/cs\/wp-json\/wp\/v2\/users\/1"}],"replies":[{"embeddable":true,"href":"https:\/\/paulmmueller.com\/cs\/wp-json\/wp\/v2\/comments?post=14199"}],"version-history":[{"count":10,"href":"https:\/\/paulmmueller.com\/cs\/wp-json\/wp\/v2\/pages\/14199\/revisions"}],"predecessor-version":[{"id":14209,"href":"https:\/\/paulmmueller.com\/cs\/wp-json\/wp\/v2\/pages\/14199\/revisions\/14209"}],"wp:attachment":[{"href":"https:\/\/paulmmueller.com\/cs\/wp-json\/wp\/v2\/media?parent=14199"}],"curies":[{"name":"wp","href":"https:\/\/api.w.org\/{rel}","templated":true}]}}